{"id":1367,"date":"2019-11-12T14:49:15","date_gmt":"2019-11-12T14:49:15","guid":{"rendered":"https:\/\/overworld.qodeinteractive.com\/?page_id=1367"},"modified":"2023-01-30T02:17:32","modified_gmt":"2023-01-30T02:17:32","slug":"our-sponsors","status":"publish","type":"page","link":"https:\/\/gamerszovetseg.hu\/?page_id=1367","title":{"rendered":"T\u00e1mogat\u00f3k"},"content":{"rendered":"<p>[vc_row enable_box_shadow=&#8221;no&#8221; disable_background_image=&#8221;&#8221; simple_background_image=&#8221;2835&#8243; css=&#8221;.vc_custom_1612717830696{background-position: 0 0 !important;background-repeat: no-repeat !important;}&#8221;][vc_column]<div class=\"edgtf-elements-holder   edgtf-one-column  edgtf-responsive-mode-768 \" ><div class=\"edgtf-eh-item    \"  data-item-class=\"edgtf-eh-custom-2350\" data-1400-1600=\"10% 0 0 0\" data-1025-1399=\"10% 0 0 0\" data-769-1024=\"16.5% 5% 0px 5%\" data-681-768=\"28.5% 5% 0px 5%\" data-680=\"70% 2% 0 2%\">\n\t<div class=\"edgtf-eh-item-inner\">\n\t\t<div class=\"edgtf-eh-item-content edgtf-eh-custom-2350\" style=\"padding: 6.8% 0 0 0\">\n\t\t\t[vc_single_image image=&#8221;2823&#8243; img_size=&#8221;full&#8221; alignment=&#8221;center&#8221;]\t\t<\/div>\n\t<\/div>\n<\/div><\/div>[\/vc_column][\/vc_row][vc_row row_content_width=&#8221;grid&#8221; enable_box_shadow=&#8221;no&#8221; css=&#8221;.vc_custom_1573743302699{padding-top: 95px !important;background-position: 0 0 !important;background-repeat: no-repeat !important;}&#8221;][vc_column]<div class=\"edgtf-clients-carousel-holder edgtf-cc-hover-switch-images\">\n\t<div class=\"edgtf-cc-inner edgtf-owl-slider\" data-number-of-items=\"4\" data-enable-loop=\"yes\" data-enable-autoplay=\"yes\" data-slider-speed=\"5000\" data-slider-speed-animation=\"600\" data-enable-navigation=\"no\" data-enable-pagination=\"no\">\n\t\t<div class=\"edgtf-cc-item edgtf-item-space edgtf-cci-has-link\">\n\t\t\t<a itemprop=\"url\" class=\"edgtf-cc-link edgtf-block-drag-link\" href=\"https:\/\/pte.hu\/\" target=\"_blank\">\n\t\t\t\t\t\t<img decoding=\"async\" itemprop=\"image\" class=\"edgtf-cc-image\" src=\"https:\/\/i0.wp.com\/gamerszovetseg.hu\/wp-content\/uploads\/2021\/02\/pte_white.png?fit=200%2C95&#038;ssl=1\" alt=\"\" \/>\n\t\t\t\t\t\t\t<img decoding=\"async\" itemprop=\"image\" class=\"edgtf-cc-hover-image\" src=\"https:\/\/i0.wp.com\/gamerszovetseg.hu\/wp-content\/uploads\/2021\/02\/pte_hover.png?fit=200%2C95&#038;ssl=1\" alt=\"\" \/>\n\t\t\t\t\t<\/a>\n\t<\/div><div class=\"edgtf-cc-item edgtf-item-space edgtf-cci-has-link\">\n\t\t\t<a itemprop=\"url\" class=\"edgtf-cc-link edgtf-block-drag-link\" href=\"https:\/\/pecsisor.hu\/\" target=\"_self\">\n\t\t\t\t\t\t<img decoding=\"async\" itemprop=\"image\" class=\"edgtf-cc-image\" src=\"https:\/\/i0.wp.com\/gamerszovetseg.hu\/wp-content\/uploads\/2021\/02\/pecsisor_white.png?fit=200%2C95&#038;ssl=1\" alt=\"\" \/>\n\t\t\t\t\t\t\t<img decoding=\"async\" itemprop=\"image\" class=\"edgtf-cc-hover-image\" src=\"https:\/\/i0.wp.com\/gamerszovetseg.hu\/wp-content\/uploads\/2021\/02\/pecsisor_hover.png?fit=200%2C95&#038;ssl=1\" alt=\"\" \/>\n\t\t\t\t\t<\/a>\n\t<\/div><div class=\"edgtf-cc-item edgtf-item-space edgtf-cci-has-link\">\n\t\t\t<a itemprop=\"url\" class=\"edgtf-cc-link edgtf-block-drag-link\" href=\"https:\/\/www.facebook.com\/LevisBarberShopPecs\/\" target=\"_self\">\n\t\t\t\t\t\t<img decoding=\"async\" itemprop=\"image\" class=\"edgtf-cc-image\" src=\"https:\/\/i0.wp.com\/gamerszovetseg.hu\/wp-content\/uploads\/2021\/02\/levis_white.png?fit=200%2C95&#038;ssl=1\" alt=\"\" \/>\n\t\t\t\t\t\t\t<img decoding=\"async\" itemprop=\"image\" class=\"edgtf-cc-hover-image\" src=\"https:\/\/i0.wp.com\/gamerszovetseg.hu\/wp-content\/uploads\/2021\/02\/levis_hover.png?fit=200%2C95&#038;ssl=1\" alt=\"\" \/>\n\t\t\t\t\t<\/a>\n\t<\/div><div class=\"edgtf-cc-item edgtf-item-space edgtf-cci-has-link\">\n\t\t\t<a itemprop=\"url\" class=\"edgtf-cc-link edgtf-block-drag-link\" href=\"http:\/\/bgazrt.hu\" target=\"_self\">\n\t\t\t\t\t\t<img decoding=\"async\" itemprop=\"image\" class=\"edgtf-cc-image\" src=\"https:\/\/i0.wp.com\/gamerszovetseg.hu\/wp-content\/uploads\/2022\/01\/me_bga_white.png?fit=200%2C95&#038;ssl=1\" alt=\"\" \/>\n\t\t\t\t\t\t\t<img decoding=\"async\" itemprop=\"image\" class=\"edgtf-cc-hover-image\" src=\"https:\/\/i0.wp.com\/gamerszovetseg.hu\/wp-content\/uploads\/2022\/01\/me_bga_hover.png?fit=200%2C95&#038;ssl=1\" alt=\"\" \/>\n\t\t\t\t\t<\/a>\n\t<\/div>\t<\/div>\n<\/div>[vc_row_inner row_content_width=&#8221;grid&#8221; enable_box_shadow=&#8221;no&#8221;][vc_column_inner]<div class=\"edgtf-elements-holder   edgtf-two-columns  edgtf-responsive-mode-1024 edgtf-one-column-alignment-left\" ><div class=\"edgtf-eh-item    \"  data-item-class=\"edgtf-eh-custom-6019\" data-1025-1399=\"0px 51px 0 0\" data-769-1024=\"100px 123px 0 0\" data-681-768=\"100px 55px 0 0\" data-680=\"100px 0px 0 0\">\n\t<div class=\"edgtf-eh-item-inner\">\n\t\t<div class=\"edgtf-eh-item-content edgtf-eh-custom-6019\" style=\"padding: 0px 57px 0 0\">\n\t\t\t[vc_column_text]<\/p>\n<h3>ha te is t\u00e1mogatn\u00e1d \u00fcgy\u00fcnket, <span style=\"color: #ffffff;\">vedd fel vel\u00fcnk a kapcsolatot!<\/span><\/h3>\n<p>[\/vc_column_text][vc_empty_space height=&#8221;20px&#8221;][vc_column_text]T\u00e1mogat\u00f3ink n\u00e9lk\u00fcl nem \u00e9rhett\u00fck volna el azokat a sikereket, amik napr\u00f3l napra hozz\u00e1adott \u00e9rt\u00e9ket k\u00e9pviselnek a magyar gamer szubkult\u00far\u00e1ban. Ha Te is t\u00e1mogatn\u00e1d ezt az \u00fcgyet, k\u00e9r\u00fcnk keress fel minket![\/vc_column_text][vc_empty_space height=&#8221;45px&#8221;]\t\t<\/div>\n\t<\/div>\n<\/div><div class=\"edgtf-eh-item    \"  data-item-class=\"edgtf-eh-custom-8496\" data-769-1024=\"10px 0 130px 0\" data-681-768=\"10px 0 130px 0\" data-680=\"10px 0 130px 0\">\n\t<div class=\"edgtf-eh-item-inner\">\n\t\t<div class=\"edgtf-eh-item-content edgtf-eh-custom-8496\" style=\"padding: 140px 0 125px 0\">\n\t\t\t\n<div class=\"wpcf7 no-js\" id=\"wpcf7-f505-o1\" lang=\"en-US\" dir=\"ltr\" data-wpcf7-id=\"505\">\n<div class=\"screen-reader-response\"><p role=\"status\" aria-live=\"polite\" aria-atomic=\"true\"><\/p> <ul><\/ul><\/div>\n<form action=\"\/index.php?rest_route=%2Fwp%2Fv2%2Fpages%2F1367#wpcf7-f505-o1\" method=\"post\" class=\"wpcf7-form init cf7_custom_style_1\" aria-label=\"Contact form\" novalidate=\"novalidate\" data-status=\"init\">\n<div style=\"display: none;\">\n<input type=\"hidden\" name=\"_wpcf7\" value=\"505\" \/>\n<input type=\"hidden\" name=\"_wpcf7_version\" value=\"6.0.6\" \/>\n<input type=\"hidden\" name=\"_wpcf7_locale\" value=\"en_US\" \/>\n<input type=\"hidden\" name=\"_wpcf7_unit_tag\" value=\"wpcf7-f505-o1\" \/>\n<input type=\"hidden\" name=\"_wpcf7_container_post\" value=\"0\" \/>\n<input type=\"hidden\" name=\"_wpcf7_posted_data_hash\" value=\"\" \/>\n<\/div>\n<div class=\"edgtf-cf7-custom-form\">\n\t<div class=\"edgtf-custom-text-area\">\n\t\t<p><span class=\"wpcf7-form-control-wrap\" data-name=\"your-message\"><textarea cols=\"40\" rows=\"10\" maxlength=\"2000\" class=\"wpcf7-form-control wpcf7-textarea\" aria-invalid=\"false\" placeholder=\"\u00dczenet\" name=\"your-message\"><\/textarea><\/span>\n\t\t<\/p>\n\t<\/div>\n\t<div class=\"edgtf-grid-row edgtf-grid-tiny-gutter\">\n\t\t<div class=\"edgtf-grid-col-6 edgtf-custom-text-input\">\n\t\t\t<p><span class=\"wpcf7-form-control-wrap\" data-name=\"your-name\"><input size=\"40\" maxlength=\"400\" class=\"wpcf7-form-control wpcf7-text wpcf7-validates-as-required\" aria-required=\"true\" aria-invalid=\"false\" placeholder=\"N\u00e9v\" value=\"\" type=\"text\" name=\"your-name\" \/><\/span>\n\t\t\t<\/p>\n\t\t<\/div>\n\t\t<div class=\"edgtf-grid-col-6 edgtf-custom-text-input\">\n\t\t\t<p><span class=\"wpcf7-form-control-wrap\" data-name=\"your-email\"><input size=\"40\" maxlength=\"400\" class=\"wpcf7-form-control wpcf7-email wpcf7-validates-as-required wpcf7-text wpcf7-validates-as-email\" aria-required=\"true\" aria-invalid=\"false\" placeholder=\"E-mail c\u00edm\" value=\"\" type=\"email\" name=\"your-email\" \/><\/span>\n\t\t\t<\/p>\n\t\t<\/div>\n\t<\/div>\n\t<div>\n\t\t<p><button class=\"edgtf-btn edgtf-btn-outline edgtf-btn-huge wpcf7-form-control wpcf7-submit\">K\u00dcLD\u00c9S<\/button>\n\t\t<\/p>\n\t<\/div>\n<\/div><div class=\"wpcf7-response-output\" aria-hidden=\"true\"><\/div>\n<\/form>\n<\/div>\n\t\t<\/div>\n\t<\/div>\n<\/div><\/div>[\/vc_column_inner][\/vc_row_inner][\/vc_column][\/vc_row]<\/p>\n","protected":false},"excerpt":{"rendered":"<p>[vc_row enable_box_shadow=&#8221;no&#8221; disable_background_image=&#8221;&#8221; simple_background_image=&#8221;2835&#8243; css=&#8221;.vc_custom_1612717830696{background-position: 0 0 !important;background-repeat: no-repeat !important;}&#8221;][vc_column][\/vc_column][\/vc_row][vc_row row_content_width=&#8221;grid&#8221; enable_box_shadow=&#8221;no&#8221; css=&#8221;.vc_custom_1573743302699{padding-top: 95px !important;background-position: 0 0 !important;background-repeat: no-repeat !important;}&#8221;][vc_column][vc_row_inner row_content_width=&#8221;grid&#8221; enable_box_shadow=&#8221;no&#8221;][vc_column_inner][\/vc_column_inner][\/vc_row_inner][\/vc_column][\/vc_row]<\/p>\n","protected":false},"author":1,"featured_media":0,"parent":0,"menu_order":0,"comment_status":"closed","ping_status":"closed","template":"full-width.php","meta":{"advanced_seo_description":"","jetpack_seo_html_title":"","jetpack_seo_noindex":false,"footnotes":""},"class_list":["post-1367","page","type-page","status-publish","hentry"],"jetpack_sharing_enabled":true,"_links":{"self":[{"href":"https:\/\/gamerszovetseg.hu\/index.php?rest_route=\/wp\/v2\/pages\/1367","targetHints":{"allow":["GET"]}}],"collection":[{"href":"https:\/\/gamerszovetseg.hu\/index.php?rest_route=\/wp\/v2\/pages"}],"about":[{"href":"https:\/\/gamerszovetseg.hu\/index.php?rest_route=\/wp\/v2\/types\/page"}],"author":[{"embeddable":true,"href":"https:\/\/gamerszovetseg.hu\/index.php?rest_route=\/wp\/v2\/users\/1"}],"replies":[{"embeddable":true,"href":"https:\/\/gamerszovetseg.hu\/index.php?rest_route=%2Fwp%2Fv2%2Fcomments&post=1367"}],"version-history":[{"count":10,"href":"https:\/\/gamerszovetseg.hu\/index.php?rest_route=\/wp\/v2\/pages\/1367\/revisions"}],"predecessor-version":[{"id":3905,"href":"https:\/\/gamerszovetseg.hu\/index.php?rest_route=\/wp\/v2\/pages\/1367\/revisions\/3905"}],"wp:attachment":[{"href":"https:\/\/gamerszovetseg.hu\/index.php?rest_route=%2Fwp%2Fv2%2Fmedia&parent=1367"}],"curies":[{"name":"wp","href":"https:\/\/api.w.org\/{rel}","templated":true}]}}