{"id":2872,"date":"2021-02-07T18:58:08","date_gmt":"2021-02-07T18:58:08","guid":{"rendered":"http:\/\/gamerszovetseg.hu\/?page_id=2872"},"modified":"2025-06-03T14:57:38","modified_gmt":"2025-06-03T14:57:38","slug":"impresszum","status":"publish","type":"page","link":"https:\/\/gamerszovetseg.hu\/?page_id=2872","title":{"rendered":"Impresszum"},"content":{"rendered":"<p>[vc_row row_content_width=&#8221;grid&#8221; enable_box_shadow=&#8221;no&#8221; css=&#8221;.vc_custom_1612724757723{padding-top: 100px !important;padding-bottom: 350px !important;}&#8221;][vc_column][vc_column_text]<\/p>\n<h3>A <strong>gamerszovetseg.hu<\/strong> a <strong>Magyar Gamer Sz\u00f6vets\u00e9g<\/strong> hivatalos weboldala. Az oldal \u00edr\u00e1sos anyagai szabadon felhaszn\u00e1lhat\u00f3ak a forr\u00e1s felt\u00fcntet\u00e9s\u00e9vel.<\/h3>\n<h4>Szerkeszt\u0151k:<\/h4>\n<h4><strong>Kolozsi Patrik<\/strong> (eln\u00f6k)<\/h4>\n<p>&nbsp;<\/p>\n<h5 style=\"text-align: center;\">A weboldal adatv\u00e9delmi ir\u00e1nyelvei <a href=\"https:\/\/gamerszovetseg.hu\/?page_id=2881\">erre a linkre<\/a> kattintva \u00e9rhet\u0151ek el.<\/h5>\n<h5 style=\"text-align: center;\">Tov\u00e1bbi inform\u00e1ci\u00f3k\u00e9rt <a href=\"https:\/\/gamerszovetseg.hu\/?page_id=1341\">keressen fel minket az info@gamerszovetseg.hu e-mail c\u00edmen.<\/a><\/h5>\n<p>[\/vc_column_text][\/vc_column][\/vc_row][vc_row enable_box_shadow=&#8221;no&#8221; css=&#8221;.vc_custom_1612724098594{padding-top: 100px !important;padding-bottom: 100px !important;}&#8221;][vc_column][\/vc_column][\/vc_row]<\/p>\n","protected":false},"excerpt":{"rendered":"<p>[vc_row row_content_width=&#8221;grid&#8221; enable_box_shadow=&#8221;no&#8221; css=&#8221;.vc_custom_1612724757723{padding-top: 100px !important;padding-bottom: 350px !important;}&#8221;][vc_column][vc_column_text] A gamerszovetseg.hu a Magyar Gamer Sz\u00f6vets\u00e9g hivatalos weboldala. Az oldal \u00edr\u00e1sos anyagai szabadon felhaszn\u00e1lhat\u00f3ak a forr\u00e1s felt\u00fcntet\u00e9s\u00e9vel. Szerkeszt\u0151k: Kolozsi Patrik (eln\u00f6k) &nbsp; A weboldal adatv\u00e9delmi ir\u00e1nyelvei erre a linkre kattintva \u00e9rhet\u0151ek el. [&hellip;]<\/p>\n","protected":false},"author":1,"featured_media":0,"parent":0,"menu_order":0,"comment_status":"closed","ping_status":"closed","template":"full-width.php","meta":{"advanced_seo_description":"","jetpack_seo_html_title":"","jetpack_seo_noindex":false,"footnotes":""},"class_list":["post-2872","page","type-page","status-publish","hentry"],"jetpack_sharing_enabled":true,"_links":{"self":[{"href":"https:\/\/gamerszovetseg.hu\/index.php?rest_route=\/wp\/v2\/pages\/2872","targetHints":{"allow":["GET"]}}],"collection":[{"href":"https:\/\/gamerszovetseg.hu\/index.php?rest_route=\/wp\/v2\/pages"}],"about":[{"href":"https:\/\/gamerszovetseg.hu\/index.php?rest_route=\/wp\/v2\/types\/page"}],"author":[{"embeddable":true,"href":"https:\/\/gamerszovetseg.hu\/index.php?rest_route=\/wp\/v2\/users\/1"}],"replies":[{"embeddable":true,"href":"https:\/\/gamerszovetseg.hu\/index.php?rest_route=%2Fwp%2Fv2%2Fcomments&post=2872"}],"version-history":[{"count":11,"href":"https:\/\/gamerszovetseg.hu\/index.php?rest_route=\/wp\/v2\/pages\/2872\/revisions"}],"predecessor-version":[{"id":3916,"href":"https:\/\/gamerszovetseg.hu\/index.php?rest_route=\/wp\/v2\/pages\/2872\/revisions\/3916"}],"wp:attachment":[{"href":"https:\/\/gamerszovetseg.hu\/index.php?rest_route=%2Fwp%2Fv2%2Fmedia&parent=2872"}],"curies":[{"name":"wp","href":"https:\/\/api.w.org\/{rel}","templated":true}]}}