{"id":2968,"date":"2021-03-23T17:55:40","date_gmt":"2021-03-23T17:55:40","guid":{"rendered":"https:\/\/gamerszovetseg.hu\/?page_id=2968"},"modified":"2021-03-25T16:38:26","modified_gmt":"2021-03-25T16:38:26","slug":"call-of-duty-warzone-bajnoksag","status":"publish","type":"page","link":"https:\/\/gamerszovetseg.hu\/?page_id=2968","title":{"rendered":"Call of Duty Warzone Bajnoks\u00e1g"},"content":{"rendered":"<p>[vc_row enable_box_shadow=&#8221;no&#8221;][vc_column]\n\t\t\t<!-- START Stream Schedule REVOLUTION SLIDER 6.6.11 --><p class=\"rs-p-wp-fix\"><\/p>\n\t\t\t<rs-module-wrap id=\"rev_slider_5_1_wrapper\" data-source=\"gallery\" style=\"visibility:hidden;background:transparent;padding:0;margin:0px auto;margin-top:0;margin-bottom:0;\">\n\t\t\t\t<rs-module id=\"rev_slider_5_1\" style=\"\" data-version=\"6.6.11\">\n\t\t\t\t\t<rs-slides style=\"overflow: hidden; position: absolute;\">\n\t\t\t\t\t\t<rs-slide style=\"position: absolute;\" data-key=\"rs-7\" data-title=\"Slide\" data-anim=\"adpr:false;\" data-in=\"o:0;\" data-out=\"a:false;\">\n\t\t\t\t\t\t\t<img data-recalc-dims=\"1\" decoding=\"async\" src=\"https:\/\/i0.wp.com\/gamerszovetseg.hu\/wp-content\/plugins\/revslider\/public\/assets\/assets\/dummy.png?resize=1100%2C630\" alt=\"\" title=\"stream_bg_warzone\" width=\"1100\" height=\"630\" class=\"rev-slidebg tp-rs-img rs-lazyload\" data-lazyload=\"\/\/gamerszovetseg.hu\/wp-content\/uploads\/2021\/03\/stream_bg_warzone.png\" data-no-retina>\n<!--\n\t\t\t\t\t\t\t--><rs-layer\n\t\t\t\t\t\t\t\tid=\"slider-5-slide-7-layer-1\" \n\t\t\t\t\t\t\t\tdata-type=\"image\"\n\t\t\t\t\t\t\t\tdata-xy=\"xo:22px,22px,0,-11px;yo:182px,182px,144px,201px;\"\n\t\t\t\t\t\t\t\tdata-text=\"w:normal;\"\n\t\t\t\t\t\t\t\tdata-dim=\"w:487px,487px,487px,287px;h:112px,112px,112px,80px;\"\n\t\t\t\t\t\t\t\tdata-rsp_o=\"off\"\n\t\t\t\t\t\t\t\tdata-rsp_bd=\"off\"\n\t\t\t\t\t\t\t\tdata-frame_999=\"o:0;st:w;\"\n\t\t\t\t\t\t\t\tstyle=\"z-index:10;\"\n\t\t\t\t\t\t\t><img data-recalc-dims=\"1\" decoding=\"async\" src=\"https:\/\/i0.wp.com\/gamerszovetseg.hu\/wp-content\/plugins\/revslider\/public\/assets\/assets\/dummy.png?resize=611%2C141\" alt=\"\" class=\"tp-rs-img rs-lazyload\" width=\"611\" height=\"141\" data-lazyload=\"\/\/gamerszovetseg.hu\/wp-content\/uploads\/2021\/02\/stream_kukac.png\" data-no-retina> \n\t\t\t\t\t\t\t<\/rs-layer><!--\n\n\t\t\t\t\t\t\t--><rs-layer\n\t\t\t\t\t\t\t\tid=\"slider-5-slide-7-layer-2\" \n\t\t\t\t\t\t\t\tdata-type=\"text\"\n\t\t\t\t\t\t\t\tdata-xy=\"xo:29px,29px,0,-7px;yo:284px,284px,208px,250px;\"\n\t\t\t\t\t\t\t\tdata-text=\"w:normal;s:139,139,150,80;l:130,130,120,70;ls:-3,-3,-3,-3px;fw:700;\"\n\t\t\t\t\t\t\t\tdata-dim=\"w:745px,745px,745px,307px;\"\n\t\t\t\t\t\t\t\tdata-rsp_o=\"off\"\n\t\t\t\t\t\t\t\tdata-rsp_bd=\"off\"\n\t\t\t\t\t\t\t\tdata-frame_999=\"o:0;st:w;\"\n\t\t\t\t\t\t\t\tstyle=\"z-index:9;font-family:'Rajdhani';text-transform:uppercase;\"\n\t\t\t\t\t\t\t>CALL OF DUTY WARZONE \n\t\t\t\t\t\t\t<\/rs-layer><!--\n-->\t\t\t\t\t\t<\/rs-slide>\n\t\t\t\t\t<\/rs-slides>\n\t\t\t\t<\/rs-module>\n\t\t\t\t<script>\n\t\t\t\t\tsetREVStartSize({c: 'rev_slider_5_1',rl:[1240,1024,778,480],el:[1104,1104,1188,1197],gw:[1300,1100,600,300],gh:[1104,1104,1188,1197],type:'hero',justify:'',layout:'fullwidth',mh:\"0\"});if (window.RS_MODULES!==undefined && window.RS_MODULES.modules!==undefined && window.RS_MODULES.modules[\"revslider51\"]!==undefined) {window.RS_MODULES.modules[\"revslider51\"].once = false;window.revapi5 = undefined;if (window.RS_MODULES.checkMinimal!==undefined) window.RS_MODULES.checkMinimal()}\n\t\t\t\t<\/script>\n\t\t\t<\/rs-module-wrap>\n\t\t\t<!-- END REVOLUTION SLIDER -->\n[\/vc_column][\/vc_row][vc_row row_content_width=&#8221;grid&#8221; enable_box_shadow=&#8221;no&#8221;][vc_column][vc_column_text]<\/p>\n<h3 style=\"text-align: center;\">MAGYAR GAMER SZ\u00d6VETS\u00c9G \u00e9s a PTE-PEAC E-SPORT SZAKOSZT\u00c1LY\u00c1NAK<\/h3>\n<h3 style=\"text-align: center;\">Call of Duty: Warzone versenyszab\u00e1lyzata<\/h3>\n<ol>\n<li>\u00a7 A verseny szervez\u0151je \u00e9s fenntart\u00f3i jogok<\/li>\n<\/ol>\n<p>(1) Jelen versenyt a Magyar Gamer Sz\u00f6vets\u00e9g \u00e9s PTE-PEAC Egyes\u00fclet ( a tov\u00e1bbiakban, mint \u201eSzervez\u0151\u201d) szervezi, mely fenntart minden jogot a versennyel, annak megszervez\u00e9s\u00e9vel \u00e9s megtart\u00e1s\u00e1val kapcsolatban \u2013 bele\u00e9rtve a j\u00e1t\u00e9kosok indul\u00e1s\u00e1nak enged\u00e9lyez\u00e9s\u00e9t, tilt\u00e1s\u00e1t \u00e9s a versenyen val\u00f3 indul\u00e1s jog\u00e1t megszerz\u0151 j\u00e1t\u00e9kosok kiz\u00e1r\u00e1s\u00e1nak jog\u00e1t \u2013 amelyet nem az Activision, mint a j\u00e1t\u00e9k kiz\u00e1r\u00f3lagos felhaszn\u00e1l\u00f3i jogainak tulajdonosa jogosult fenntartani.<\/p>\n<p>(2) Minden versenyz\u0151 k\u00f6teles megismerni \u00e9s elsaj\u00e1t\u00edtani a Call of Duty: Warzone saj\u00e1t szab\u00e1lyrendszer\u00e9t. Minden j\u00e1t\u00e9kos maga felel magaviselet\u00e9\u00e9rt \u00e9s a szab\u00e1lyszer\u0171, fair j\u00e1t\u00e9k lebonyol\u00edt\u00e1s\u00e1\u00e9rt, Szervez\u0151 a j\u00e1t\u00e9kosok magaviselet\u00e9\u00e9rt, j\u00e1t\u00e9kbeli tev\u00e9kenys\u00e9g\u00e9\u00e9rt nem felel\u0151s.<\/p>\n<ol start=\"2\">\n<li>\u00a7 Nevez\u00e9si d\u00edj, nyerem\u00e9nyek<\/li>\n<\/ol>\n<p>(1) Nevez\u00e9si d\u00edj nincs, a versenyen val\u00f3 r\u00e9szv\u00e9tel ingyenes.<\/p>\n<p>(2) A versenyen nyerhet\u0151 nyerem\u00e9nyek az al\u00e1bbiak:<\/p>\n<ol>\n<li>a) 1. helyez\u00e9s: egy szabadon v\u00e1laszthat\u00f3 j\u00e1t\u00e9k Playstation, Xbox \u00e9s PC platformokra, melynek \u00e9rt\u00e9ke maxim\u00e1lisan 28.000,- Ft, azaz huszonnyolcezer Forint lehet. Egy t\u00e1lca s\u00f6r a P\u00e9csi S\u00f6rgy\u00e1r Zrt. felaj\u00e1nl\u00e1s\u00e1b\u00f3l. 20%-os V.I.P. k\u00e1rtya \u00e9s kuponk\u00f3d, mellyel felhaszn\u00e1l\u00e1sra ker\u00fclhet egy 4.000,-, azaz n\u00e9gyezer forintos pizza kupon a Happy Hippo Kft. felaj\u00e1nl\u00e1s\u00e1b\u00f3l, a Happy Hippo Pizz\u00e9ria weboldal\u00e1n.<\/li>\n<li>b) 2. helyezett : K\u00e9t t\u00e1lca s\u00f6r a P\u00e9csi S\u00f6rgy\u00e1r Zrt. felaj\u00e1nl\u00e1s\u00e1b\u00f3l. Kuponk\u00f3d, mellyel felhaszn\u00e1l\u00e1sra ker\u00fclhet egy 4.000,- Ft, azaz n\u00e9gyezer forintos pizza kupon a Happy Hippo Kft. felaj\u00e1nl\u00e1s\u00e1b\u00f3l, a Happy Hippo Pizz\u00e9ria weboldal\u00e1n.<\/li>\n<li>c) 3. helyezett: K\u00e9t t\u00e1lca s\u00f6r a P\u00e9csi S\u00f6rgy\u00e1r Zrt. felaj\u00e1nl\u00e1s\u00e1b\u00f3l. Egy szabadon v\u00e1lasztott pizza a Happy Hippo Kft. felaj\u00e1nl\u00e1s\u00e1b\u00f3l.<\/li>\n<\/ol>\n<p>(3) Minden nyerem\u00e9ny P\u00e9cs Megyei Jog\u00fa V\u00e1ros k\u00f6zigazgat\u00e1si belter\u00fclet\u00e9nek hat\u00e1rain bel\u00fcl vehet\u0151 \u00e1t a Szervez\u0151vel egyeztettek szerint legk\u00e9s\u0151bb a verseny k\u00f6vet\u0151 60 napon bel\u00fcl. Amennyiben az adott j\u00e1t\u00e9kos 60 napon bel\u00fcl a nyerem\u00e9ny\u00e9t nem veszi \u00e1t, \u00fagy arra joga megsz\u0171nik \u00e9s nyerem\u00e9nye a Szervez\u0151t illeti.<\/p>\n<ol start=\"3\">\n<li>\u00a7 A verseny szab\u00e1lyai, pontsz\u00e1m\u00edt\u00e1s<\/li>\n<\/ol>\n<p>(1) A Versenyz\u0151 \u00e1ltal a versenybe nevezett m\u00e9rk\u0151z\u00e9sek \u00fan. free for all j\u00e1t\u00e9kmo\u0301dban zajlanak, azaz csapatok n\u00e9lk\u00fcl, egy szem\u00e9lyes j\u00e1t\u00e9km\u00f3dban, t\u00e1mogatva a cross playt. A crossplay-t minden esetben k\u00f6telez\u0151 az adott j\u00e1t\u00e9kosnak be\u00e1ll\u00edtania, hi\u00e1nya kiz\u00e1r\u00e1st von maga ut\u00e1n.<\/p>\n<p>(2) A j\u00e1t\u00e9kosok k\u00f6telezetts\u00e9ge a m\u00e9rk\u0151z\u00e9sek stream-el\u00e9se, kapcsolattart\u00e1s a szervez\u0151kkel, illetve a regisztr\u00e1l\u00e1s a Verseny-re.<\/p>\n<p>(3) \u00d6sszesen h\u00e1rom k\u00f6r 150 f\u0151s solo free for all verseny ker\u00fcl ind\u00edt\u00e1sra, a Verdansk (ha \u201efelrobban\u201d, akkor Activision \u00e1ltal biztos\u00edtott \u00faj) p\u00e1ly\u00e1n zajlik.<\/p>\n<p>(4) A pontsz\u00e1m\u00edt\u00e1s a k\u00f6vetkez\u0151:<\/p>\n<ol>\n<li>a) minden kill 1 pont, 1 helyez\u00e9s 10 pont, m\u00e1sodik helyez\u00e9s 5 pont, harmadik helyez\u00e9s 3 pont.<\/li>\n<li>b) pontegyenl\u0151s\u00e9g: amennyiben pontegyenl\u0151s\u00e9g van, a killek sz\u00e1ma d\u00f6nt oly m\u00f3don, hogy az nyer, akinek t\u00f6bb killb\u0151l sz\u00e1rmaz\u00f3 pontja van. Amennyiben \u00edgy is pontegyenl\u0151s\u00e9g alakulna ki, \u00fagy a kett\u0151 vagy t\u00f6bb j\u00e1t\u00e9kos \u00faj meccset kezd azonos p\u00e1ly\u00e1n \u00e9s egy, az utols\u00f3 meccs sor\u00e1n a komment\u00e1tor \u00e1ltal meghat\u00e1rozott z\u00e1rt helyen k\u00f6teles hal\u00e1lig harcolni. A z\u00e1rt helyre 5 percen bel\u00fcl kell el\u00e9rnie minden j\u00e1t\u00e9kosnak, lootol\u00e1si lehet\u0151s\u00e9gt\u0151l f\u00fcggetlen\u00fcl. Ha valamelyik j\u00e1t\u00e9kos nem \u00e9r oda 5 percen bel\u00fcl a meghat\u00e1rozott helyre, \u00fagy sz\u00e1m\u00edt, mintha \u00f6ngyilkos lett volna, ha pedig egyik j\u00e1t\u00e9kos sem \u00e9r oda, \u00faj meccset kezdenek \u00e9s addig j\u00e1tszanak am\u00edg nem lesz egy\u00e9rtelm\u0171 gy\u0151ztes.<\/li>\n<\/ol>\n<p>(5) A csapat minden tagj\u00e1nak mag\u00e1nak kell gondoskodnia a megfelel\u0151 eszk\u00f6z\u00f6k megl\u00e9t\u00e9r\u0151l \u00e9s m\u0171k\u00f6d\u0151 internet hozz\u00e1f\u00e9r\u00e9sr\u0151l. Amennyiben egy adott j\u00e1t\u00e9kos internetel\u00e9r\u00e9se m\u00e1s j\u00e1t\u00e9kosok j\u00e1t\u00e9k\u00e9lm\u00e9ny\u00e9t rontja, szervez\u0151k azonnali hat\u00e1llyal kiz\u00e1rhatj\u00e1k.<\/p>\n<p>(6) J\u00e1t\u00e9kon bel\u00fcli esetleges hib\u00e1k\u00e9rt, szerverle\u00e1ll\u00e1sok\u00e9rt a Szervez\u0151 nem v\u00e1llal felel\u0151ss\u00e9get!<\/p>\n<p>(7) \u00a0B\u00e1rmif\u00e9le csal\u00e1s haszn\u00e1lata, vagy a Versenyszab\u00e1lyzat megs\u00e9rt\u00e9se, kiz\u00e1r\u00e1st von maga ut\u00e1n. A j\u00e1t\u00e9kosoknak csal\u00f3 jelent\u00e9si k\u00f6telezetts\u00e9ge van. Aki \u00e9szleli, vagy tud r\u00f3la, hogy m\u00e1s csal, amennyiben halad\u00e9ktalanul nem jelzi ezt szervez\u0151k fel\u00e9, maga is azonnali hat\u00e1llyal kiz\u00e1r\u00e1sra ker\u00fcl.<\/p>\n<p>(8) Az eredm\u00e9nyhirdet\u00e9ssel kapcsolatos \u00e9szrev\u00e9telek jelz\u00e9s\u00e9re a verseny v\u00e9g\u00e9t\u0151l sz\u00e1m\u00edtott 1 \u00f3ra \u00e1ll rendelkez\u00e9sre.<\/p>\n<p>(9) Minden j\u00e1t\u00e9kosnak k\u00f6telez\u0151 disord accounttal rendelkeznie. A verseny szervez\u0151i itt tartanak minden j\u00e1t\u00e9kossal kapcsolatot, \u00edgy aki nem rendelkezik discorddal, automatikusan kiz\u00e1r\u00e1sra ker\u00fcl.<\/p>\n<ol start=\"4\">\n<li>\u00a7 Regisztr\u00e1ci\u00f3, id\u0151pont<\/li>\n<\/ol>\n<p>(1) A <a href=\"http:\/\/www.gamerszovetsg.hu\">www.gamerszovetseg.hu<\/a> weboldalon tal\u00e1lhat\u00f3 fel\u00fcletet kit\u00f6ltve lehet a versenyre regisztr\u00e1lni.<\/p>\n<ol start=\"18\">\n<li>A Versennyel elfogadhat\u00f3 minim\u00e1lis jelentkez\u0151 sz\u00e1m 50 csapat. Ha a Verseny nem \u00e9ri<\/li>\n<\/ol>\n<p>el a megfelel\u0151 jelentkez\u0151 sz\u00e1mot, az adott Verseny Versenyszervez\u0151 d\u00f6nt\u00e9se alapj\u00e1n<\/p>\n<p>elhalaszt\u00e1sra ker\u00fcl, vagy elmarad. A Verseny elmarad\u00e1sa eset\u00e9n a jelentkez\u00e9si d\u00edj<\/p>\n<p>visszautal\u00e1sra ker\u00fcl.<\/p>\n<p>(2) A verseny 2021. \u00e1prilis 2. napj\u00e1n p\u00e9nteken 16:30 perckor kezd\u0151dik \u00e9s befejez\u00e9sig tart. Eredm\u00e9nyhirdet\u00e9s: legk\u00e9s\u0151bb 2021. \u00e1prilis 5. napja.<\/p>\n<p>&nbsp;<\/p>\n<h4 style=\"text-align: center;\">A Warzone bajnoks\u00e1g adatkezel\u00e9si t\u00e1j\u00e9koztat\u00f3ja <a href=\"https:\/\/gamerszovetseg.hu\/?page_id=2983\">ezen a linken<\/a> tekinthet\u0151 meg.<\/h4>\n<p>[\/vc_column_text][\/vc_column][\/vc_row][vc_row content_placement=&#8221;middle&#8221; row_content_width=&#8221;grid&#8221; enable_box_shadow=&#8221;no&#8221;][vc_column css=&#8221;.vc_custom_1612721231789{padding-top: 100px !important;padding-bottom: 100px !important;}&#8221;][vc_column_text]<\/p>\n<p style=\"text-align: center;\"><div class=\"rtec-outer-wrap\" data-rtec-time=\"1777487233\" data-rtec-atts=\"{&quot;event&quot;:2997,&quot;doing_shortcode&quot;:true}\">\n\t\n\t\n\t\n\t\n    <div id=\"rtec\" class=\"rtec rtec-form-1\" data-event=\"2997\">\n\n\t    \n    \n        <p class=\"rtec-success-message tribe-events-notices\">A regisztr\u00e1ci\u00f3t az esem\u00e9nyre lez\u00e1rtuk.<\/p>\n        \n        \t<\/div>\n<\/div>\n<p>[\/vc_column_text][\/vc_column][\/vc_row]<\/p>\n","protected":false},"excerpt":{"rendered":"<p>[vc_row enable_box_shadow=&#8221;no&#8221;][vc_column][\/vc_column][\/vc_row][vc_row row_content_width=&#8221;grid&#8221; enable_box_shadow=&#8221;no&#8221;][vc_column][vc_column_text] MAGYAR GAMER SZ\u00d6VETS\u00c9G \u00e9s a PTE-PEAC E-SPORT SZAKOSZT\u00c1LY\u00c1NAK Call of Duty: Warzone versenyszab\u00e1lyzata \u00a7 A verseny szervez\u0151je \u00e9s fenntart\u00f3i jogok (1) Jelen versenyt a Magyar Gamer Sz\u00f6vets\u00e9g \u00e9s PTE-PEAC Egyes\u00fclet ( a tov\u00e1bbiakban, mint \u201eSzervez\u0151\u201d) szervezi, [&hellip;]<\/p>\n","protected":false},"author":1,"featured_media":0,"parent":0,"menu_order":0,"comment_status":"closed","ping_status":"closed","template":"full-width.php","meta":{"advanced_seo_description":"","jetpack_seo_html_title":"","jetpack_seo_noindex":false,"footnotes":""},"class_list":["post-2968","page","type-page","status-publish","hentry"],"jetpack_sharing_enabled":true,"_links":{"self":[{"href":"https:\/\/gamerszovetseg.hu\/index.php?rest_route=\/wp\/v2\/pages\/2968","targetHints":{"allow":["GET"]}}],"collection":[{"href":"https:\/\/gamerszovetseg.hu\/index.php?rest_route=\/wp\/v2\/pages"}],"about":[{"href":"https:\/\/gamerszovetseg.hu\/index.php?rest_route=\/wp\/v2\/types\/page"}],"author":[{"embeddable":true,"href":"https:\/\/gamerszovetseg.hu\/index.php?rest_route=\/wp\/v2\/users\/1"}],"replies":[{"embeddable":true,"href":"https:\/\/gamerszovetseg.hu\/index.php?rest_route=%2Fwp%2Fv2%2Fcomments&post=2968"}],"version-history":[{"count":23,"href":"https:\/\/gamerszovetseg.hu\/index.php?rest_route=\/wp\/v2\/pages\/2968\/revisions"}],"predecessor-version":[{"id":3011,"href":"https:\/\/gamerszovetseg.hu\/index.php?rest_route=\/wp\/v2\/pages\/2968\/revisions\/3011"}],"wp:attachment":[{"href":"https:\/\/gamerszovetseg.hu\/index.php?rest_route=%2Fwp%2Fv2%2Fmedia&parent=2968"}],"curies":[{"name":"wp","href":"https:\/\/api.w.org\/{rel}","templated":true}]}}