{"id":2983,"date":"2021-03-25T07:29:22","date_gmt":"2021-03-25T07:29:22","guid":{"rendered":"https:\/\/gamerszovetseg.hu\/?page_id=2983"},"modified":"2021-03-25T07:39:57","modified_gmt":"2021-03-25T07:39:57","slug":"warzone-bajnoksag-adatkezelesi-tajekoztato","status":"publish","type":"page","link":"https:\/\/gamerszovetseg.hu\/?page_id=2983","title":{"rendered":"Warzone Bajnoks\u00e1g Adatkezel\u00e9si T\u00e1j\u00e9koztat\u00f3"},"content":{"rendered":"<p>[vc_row row_content_width=&#8221;grid&#8221; enable_box_shadow=&#8221;no&#8221;][vc_column][vc_single_image image=&#8221;2989&#8243; img_size=&#8221;large&#8221; alignment=&#8221;center&#8221; onclick=&#8221;custom_link&#8221; link=&#8221;https:\/\/gamerszovetseg.hu\/?page_id=2968&#8243; css=&#8221;.vc_custom_1616657957699{padding-top: 100px !important;}&#8221;][\/vc_column][\/vc_row][vc_row row_content_width=&#8221;grid&#8221; enable_box_shadow=&#8221;no&#8221; css=&#8221;.vc_custom_1616657962378{padding-top: 50px !important;padding-bottom: 100px !important;}&#8221;][vc_column][vc_column_text]<\/p>\r\n<h3><\/h3>\r\n<h2 class=\"wp-block-heading\" style=\"text-align: center;\"><strong>ADATKEZEL\u00c9SI T\u00c1J\u00c9KOZTAT\u00d3<\/strong><\/h2>\r\n<h3 style=\"text-align: center;\"><strong>A MAGYAR GAMER SZ\u00d6VETS\u00c9G \u00c1LTAL RENDEZETT CALL OF DUTY: WARZONE VERSENYHEZ<\/strong><\/h3>\r\n<p>&nbsp;<\/p>\r\n<ol>\r\n<li>A Magyar Gamer Sz\u00f6vets\u00e9g \u00e9s a PTE-PEAC \u00e1ltal szerezett verseny sor\u00e1n a nevez\u0151k szem\u00e9lyes adataival kapcsolatos t\u00e1j\u00e9koztat\u00e1st tartalmazza a jelen t\u00e1j\u00e9koztat\u00f3<\/li>\r\n<li>A t\u00e1j\u00e9koztat\u00f3 az Eur\u00f3pai Parlament \u00e9s Tan\u00e1cs 2016\/679\/EU \u00c1ltal\u00e1nos Adatv\u00e9delmi Rendelet\u00e9nek (a tov\u00e1bbiakban, mint \u201eRendelet\u201d) megfelel\u0151en, az alapj\u00e1n k\u00e9sz\u00fclt.<\/li>\r\n<li>Adatkezel\u0151 el\u00e9rhet\u0151s\u00e9gei:<\/li>\r\n<\/ol>\r\n<p>C\u00edm: 7627 P\u00e9cs, Havi-hegyi \u00fat 72.<\/p>\r\n<p>E-mail c\u00edm: info@gamerszovetseg.hu<\/p>\r\n<p>&nbsp;<\/p>\r\n<p><strong>AZ ADATKEZEL\u00c9S JOGALAPJA, C\u00c9LJA, A KEZELT ADATOK K\u00d6RE \u00c9S AZ ADATKEZEL\u00c9S ID\u0150TARTAMA<\/strong><\/p>\r\n<p><strong>\u00a0<\/strong><\/p>\r\n<ol start=\"4\">\r\n<li>Nevez\u00e9s a Magyar Gamer Sz\u00f6vets\u00e9g \u00e1ltal rendezett Call of Duty: Warzone versenyhez.<\/li>\r\n<li>Adatkezel\u00e9si esetk\u00f6r le\u00edr\u00e1sa, az adatkezel\u00e9s c\u00e9lja \u00e9s a kezelt adatok k\u00f6re.<\/li>\r\n<\/ol>\r\n<p>&nbsp;<\/p>\r\n<ol start=\"6\">\r\n<li>Az MGSZ \u00e1ltal szervezett versenyre val\u00f3 nevez\u00e9shez meg kell adni az erre szolg\u00e1l\u00f3 internetes fel\u00fcleten az al\u00e1bbi adatokat:<\/li>\r\n<\/ol>\r\n<p>&nbsp;<\/p>\r\n<ol>\r\n<li>Teljes n\u00e9v<\/li>\r\n<li>Sz\u00fclet\u00e9si n\u00e9v<\/li>\r\n<li>Email c\u00edm<\/li>\r\n<li>Sz\u00fclet\u00e9si id\u0151<\/li>\r\n<li>Nickn\u00e9v<\/li>\r\n<li>Discordtag<\/li>\r\n<li>J\u00e1t\u00e9kos \u00e1ltal a versenyen haszn\u00e1lt platform<\/li>\r\n<\/ol>\r\n<p>&nbsp;<\/p>\r\n<p>(A nevez\u00e9s felt\u00e9tele a fent felsorolt valamennyi adat megad\u00e1sa, ezek n\u00e9lk\u00fcl a versenyz\u0151 azonos\u00edt\u00e1sa nem lehets\u00e9ges).<\/p>\r\n<ol start=\"7\">\r\n<li>A versenyz\u0151 nickneve nyilv\u00e1noss\u00e1gra hozatalra ker\u00fcl a hozz\u00e1 tartoz\u00f3 eredm\u00e9nyekkel egy\u00fctt.<\/li>\r\n<\/ol>\r\n<p>&nbsp;<\/p>\r\n<p><strong>ADATKEZEL\u00c9S JOGALAPJA \u00c9S C\u00c9LJA<\/strong><\/p>\r\n<p><strong>\u00a0<\/strong><\/p>\r\n<ol start=\"8\">\r\n<li>Az adatkezel\u00e9s jogalapja a Rendelet 6. cikk (1) bekezd\u00e9s a) pontja szerint a versenyz\u0151 hozz\u00e1j\u00e1rul\u00e1sa.<\/li>\r\n<li>Az adatkezel\u00e9s c\u00e9lja a verseny lebonyol\u00edt\u00e1s\u00e1val kapcsolatos feladatok ell\u00e1t\u00e1sa, \u00edgy k\u00fcl\u00f6n\u00f6sen a nevez\u00e9s fogad\u00e1sa, r\u00f6gz\u00edt\u00e9se, a versenyek lebonyol\u00edt\u00e1sa, eredm\u00e9nyek nyilv\u00e1ntart\u00e1sa, versenyszab\u00e1lyzat \u00e9s egy\u00e9b szab\u00e1lyzatokban foglaltak betartat\u00e1sa, tov\u00e1bb\u00e1 a verseny nyerem\u00e9nyeinek \u00e1tadhat\u00f3s\u00e1ga.<\/li>\r\n<\/ol>\r\n<p><strong>ADATKEZEL\u00c9S ID\u0150TARTAMA<\/strong><\/p>\r\n<ol start=\"10\">\r\n<li>Nevez\u00e9si adataidat a versenyt 2021. \u00e1prilis 31. napj\u00e1ig t\u00e1rolja adatkezel\u0151, mely id\u0151pontig a nyerteseknek \u00e1t kell vennie a nyerem\u00e9nyt.<\/li>\r\n<li>A verseny nyertes\u00e9nek Nick neve \u00e9s eredm\u00e9nye nyilv\u00e1nosan el\u00e9rhet\u0151ek lesznek id\u0151beni korl\u00e1toz\u00e1s n\u00e9lk\u00fcl.<\/li>\r\n<li>Minden indul\u00f3nak joga van a verseny sor\u00e1n, azt megel\u0151z\u0151en \u00e9s azt k\u00f6vet\u0151en is visszavonni az adatkezel\u00e9si hozz\u00e1j\u00e1rul\u00e1s\u00e1t, ebben az esetben az adatai halad\u00e9ktalanul t\u00f6rl\u00e9sre ker\u00fclnek, \u00e9rtelemszer\u0171en a folyamatban l\u00e9v\u0151 versenyb\u0151l pedig kiz\u00e1r\u00e1sra ker\u00fcl.<\/li>\r\n<\/ol>\r\n<p>&nbsp;<\/p>\r\n<p><strong>ADATFELDOLGOZ\u00d3K<\/strong><\/p>\r\n<p><strong>\u00a0<\/strong><\/p>\r\n<ol start=\"13\">\r\n<li>Az adatok kezel\u00e9se sor\u00e1n adatfeldolgoz\u00f3k\u00e9nt vessz\u00fck ig\u00e9nybe:<\/li>\r\n<\/ol>\r\n<p>T\u00e1rhelyszolg\u00e1ltat\u00f3 adatai:<\/p>\r\n<p>N\u00e9v: Felanetre Kft.<\/p>\r\n<p><strong>COOKIE ADATKEZEL\u00c9S<\/strong><\/p>\r\n<ol start=\"14\">\r\n<li>A s\u00fctik (cookie-k) olyan kism\u00e9ret\u0171 adatf\u00e1jlok (tov\u00e1bbiakban: s\u00fctik), amelyek a weboldalon kereszt\u00fcl a weboldal haszn\u00e1lat\u00e1val ker\u00fclnek a Versenyz\u0151 sz\u00e1m\u00edt\u00f3g\u00e9p\u00e9re \u00fagy, hogy azokat a Versenyz\u0151 internetes b\u00f6ng\u00e9sz\u0151je menti le \u00e9s t\u00e1rolja el.<\/li>\r\n<li>A s\u00fctik \u00e1ltal\u00e1nos feladatai:<\/li>\r\n<\/ol>\r\n<p>&nbsp;<\/p>\r\n<ol>\r\n<li>inform\u00e1ci\u00f3kat gy\u0171jtenek a l\u00e1togat\u00f3kr\u00f3l \u00e9s eszk\u00f6zeikr\u0151l;<\/li>\r\n<li>megjegyzik a l\u00e1togat\u00f3k egy\u00e9ni be\u00e1ll\u00edt\u00e1sait, amelyek felhaszn\u00e1l\u00e1sra ker\u00fcl(het)nek pl. online tranzakci\u00f3k ig\u00e9nybev\u00e9telekor, \u00edgy nem kell \u00fajra beg\u00e9pelni \u0151ket;<\/li>\r\n<li>megk\u00f6nny\u00edtik a weboldal haszn\u00e1lat\u00e1t;<\/li>\r\n<li>min\u0151s\u00e9gi felhaszn\u00e1l\u00f3i \u00e9lm\u00e9nyt biztos\u00edtanak.<\/li>\r\n<\/ol>\r\n<p>&nbsp;<\/p>\r\n<ol start=\"16\">\r\n<li>A testre szabott kiszolg\u00e1l\u00e1s \u00e9rdek\u00e9ben a felhaszn\u00e1l\u00f3 sz\u00e1m\u00edt\u00f3g\u00e9p\u00e9n kis adatcsomagot, \u00fan. s\u00fctit (cookie) helyez el \u00e9s a k\u00e9s\u0151bbi l\u00e1togat\u00e1s sor\u00e1n olvas vissza. Ha a b\u00f6ng\u00e9sz\u0151 visszak\u00fcld egy kor\u00e1bban elmentett s\u00fctit, a s\u00fctit kezel\u0151 szolg\u00e1ltat\u00f3nak lehet\u0151s\u00e9ge van \u00f6sszekapcsolni a felhaszn\u00e1l\u00f3 aktu\u00e1lis l\u00e1togat\u00e1s\u00e1t a kor\u00e1bbiakkal, de kiz\u00e1r\u00f3lag a saj\u00e1t tartalma tekintet\u00e9ben.<\/li>\r\n<\/ol>\r\n<p>&nbsp;<\/p>\r\n<p>A leggyakrabban haszn\u00e1lt internetes b\u00f6ng\u00e9sz\u0151k (Chrome, Firefox, Edge, Explorer, Opera, Safari, stb.) t\u00f6bbs\u00e9ge alapbe\u00e1ll\u00edt\u00e1sk\u00e9nt elfogadja \u00e9s enged\u00e9lyezi a s\u00fctik let\u00f6lt\u00e9s\u00e9t \u00e9s haszn\u00e1lat\u00e1t, az viszont m\u00e1r Versenyz\u0151t\u0151l f\u00fcgg, hogy a b\u00f6ng\u00e9sz\u0151 be\u00e1ll\u00edt\u00e1sainak m\u00f3dos\u00edt\u00e1s\u00e1val ezeket visszautas\u00edtja vagy letiltja, illetve Versenyz\u0151 a m\u00e1r a sz\u00e1m\u00edt\u00f3g\u00e9pen l\u00e9v\u0151 elt\u00e1rolt s\u00fctiket is tudja t\u00f6r\u00f6lni.<\/p>\r\n<p>A s\u00fctik haszn\u00e1lat\u00e1r\u00f3l az egyes b\u00f6ng\u00e9sz\u0151k \u201es\u00fag\u00f3\u201d men\u00fcpontja ny\u00fajt b\u0151vebb t\u00e1j\u00e9koztat\u00e1st.<\/p>\r\n<p>S\u00fctik kikapcsol\u00e1sa az egyes b\u00f6ng\u00e9sz\u0151k eset\u00e9ben az al\u00e1bbi linkeken lehets\u00e9ges:<\/p>\r\n<p>Chrome: https:\/\/support.google.com\/accounts\/answer\/61416?hl=hu<\/p>\r\n<p>Firefox: https:\/\/support.mozilla.org\/hu\/kb\/sutik-informacio-amelyet-weboldalak-tarolnak-szami?redirectlocale=hu&amp;redirectslug=S\u00fctik+kezel\u00e9se<\/p>\r\n<p>Internet Explorer: https:\/\/support.microsoft.com\/hu-hu\/help\/17442\/windows-internet-explorer-delete-manage-cookies#ie=ie-11<\/p>\r\n<p>Safari: https:\/\/support.apple.com\/kb\/PH21411?viewlocale=en_US&amp;locale=en_US<\/p>\r\n<p>Edge: https:\/\/support.microsoft.com\/hu-hu\/help\/10607\/microsoft-edge-view-delete- browser-history<\/p>\r\n<p>Opera: http:\/\/help.opera.com\/Windows\/10.20\/hu\/cookies.html<\/p>\r\n<p>&nbsp;<\/p>\r\n<p><strong>ADATKEZEL\u00c9SSEL \u00c9RINTETT JOGAI AZ ADATKEZEL\u00c9S SOR\u00c1N<\/strong><\/p>\r\n<p>&nbsp;<\/p>\r\n<ol start=\"17\">\r\n<li>Az adatkezel\u00e9s id\u0151tartam\u00e1n bel\u00fcl Versenyz\u0151t a Rendelet el\u0151\u00edr\u00e1sai szerint az al\u00e1bbi jogok illetik meg:<\/li>\r\n<\/ol>\r\n<p>&nbsp;<\/p>\r\n<ol>\r\n<li>szem\u00e9lyes adatokhoz \u00e9s az adatkezel\u00e9ssel kapcsolatos inform\u00e1ci\u00f3khoz val\u00f3 hozz\u00e1f\u00e9r\u00e9s,<\/li>\r\n<li>helyesb\u00edt\u00e9shez val\u00f3 jog,<\/li>\r\n<li>adatkezel\u00e9s korl\u00e1toz\u00e1sa,<\/li>\r\n<li>t\u00f6rl\u00e9shez val\u00f3 jog,<\/li>\r\n<li>hordozhat\u00f3s\u00e1ghoz val\u00f3 jog,<\/li>\r\n<li>hozz\u00e1j\u00e1rul\u00e1s visszavon\u00e1si joga.<\/li>\r\n<\/ol>\r\n<p>Amennyiben Versenyz\u0151 jogaival \u00e9lni k\u00edv\u00e1n, az a Versenyz\u0151 adatkezel\u0151i azonos\u00edt\u00e1s\u00e1val j\u00e1r egy\u00fctt. Ez\u00e9rt az azonos\u00edt\u00e1s \u00e9rdek\u00e9ben szem\u00e9lyes adatok megad\u00e1s\u00e1ra lesz sz\u00fcks\u00e9g (de az azonos\u00edt\u00e1s csak olyan adaton alapulhat, amelyet egy\u00e9bk\u00e9nt is kezel adatkezel\u0151 a Versenyz\u0151r\u0151l), valamint az adatkezel\u0151 e-mail fi\u00f3kj\u00e1ban el\u00e9rhet\u0151 lesznek a Versenyz\u0151 adatkezel\u00e9ssel kapcsolatos panasza.<\/p>\r\n<ol start=\"18\">\r\n<li>Az adatkezel\u00e9ssel kapcsolatos panaszokat legk\u00e9s\u0151bb 30 napon bel\u00fcl k\u00f6teles megv\u00e1laszolni adatkezel\u0151.<\/li>\r\n<\/ol>\r\n<p>&nbsp;<\/p>\r\n<p><strong>A HOZZ\u00c1J\u00c1RUL\u00c1S VISSZAVON\u00c1S\u00c1NAK JOGA<\/strong><\/p>\r\n<p>&nbsp;<\/p>\r\n<ol start=\"19\">\r\n<li>Versenyz\u0151 b\u00e1rmikor jogosult az adatkezel\u00e9shez adott hozz\u00e1j\u00e1rul\u00e1s\u00e1t visszavonni, ilyen esetben a megadott adatokat adatkezel\u0151 t\u00f6rli, versenyjogosults\u00e1ga a versenyz\u0151nek azonnal megsz\u0171nik.<\/li>\r\n<\/ol>\r\n<p>&nbsp;<\/p>\r\n<p><strong>A SZEM\u00c9LYES ADATOKHOZ \u00c9S INFORM\u00c1CI\u00d3KHOZ VAL\u00d3 HOZZ\u00c1F\u00c9R\u00c9S<\/strong><\/p>\r\n<p>&nbsp;<\/p>\r\n<ol start=\"20\">\r\n<li>Versenyz\u0151 jogosult arra, hogy visszajelz\u00e9st kapjon arra vonatkoz\u00f3an, hogy szem\u00e9lyes adatainak kezel\u00e9se folyamatban van-e, \u00e9s ha adatkezel\u00e9s folyamatban van, jogosult arra, hogy:<\/li>\r\n<\/ol>\r\n<p>&nbsp;<\/p>\r\n<ol>\r\n<li>a kezelt szem\u00e9lyes adatokhoz hozz\u00e1f\u00e9r\u00e9st kapjon \u00e9s;<\/li>\r\n<li>a k\u00f6vetkez\u0151 inform\u00e1ci\u00f3kr\u00f3l t\u00e1j\u00e9koztassuk:<\/li>\r\n<li>az adatkezel\u00e9s c\u00e9ljai;<\/li>\r\n<li>a Versenyz\u0151r\u0151l kezelt szem\u00e9lyes adatok kateg\u00f3ri\u00e1i;<\/li>\r\n<li>inform\u00e1ci\u00f3 azon c\u00edmzettekr\u0151l vagy c\u00edmzettek kateg\u00f3ri\u00e1ir\u00f3l, akikkel, illetve amelyekkel a szem\u00e9lyes adatokat k\u00f6z\u00f6lt\u00fck vagy k\u00f6z\u00f6lni fogjuk;<\/li>\r\n<li>a szem\u00e9lyes adatok t\u00e1rol\u00e1s\u00e1nak tervezett id\u0151tartama, vagy ha ez nem lehets\u00e9ges, ezen id\u0151tartam meghat\u00e1roz\u00e1s\u00e1nak szempontjai;<\/li>\r\n<li>a Versenyz\u0151 azon joga, hogy k\u00e9relmezheti a Versenyz\u0151re vonatkoz\u00f3 szem\u00e9lyes adatok helyesb\u00edt\u00e9s\u00e9t, t\u00f6rl\u00e9s\u00e9t vagy kezel\u00e9s\u00e9nek korl\u00e1toz\u00e1s\u00e1t, \u00e9s jogos \u00e9rdeken alapul\u00f3 adatkezel\u00e9s eset\u00e9n tiltakozhat az ilyen szem\u00e9lyes adatok kezel\u00e9se ellen;<\/li>\r\n<li>a fel\u00fcgyeleti hat\u00f3s\u00e1ghoz c\u00edmzett panasz beny\u00fajt\u00e1s\u00e1nak joga;<\/li>\r\n<li>ha az adatokat nem Versenyz\u0151t\u0151l gy\u0171jt\u00f6tt\u00e9k be, a forr\u00e1sukra vonatkoz\u00f3 minden el\u00e9rhet\u0151 inform\u00e1ci\u00f3;<\/li>\r\n<li>az automatiz\u00e1lt d\u00f6nt\u00e9shozatal t\u00e9ny\u00e9r\u0151l (ha alkalmazott ilyen elj\u00e1r\u00e1s), ide\u00e9rtve a profilalkot\u00e1st is, valamint legal\u00e1bb ezekben az esetekben az alkalmazott logik\u00e1ra \u00e9s arra vonatkoz\u00f3an \u00e9rthet\u0151 inform\u00e1ci\u00f3kat, hogy az ilyen adatkezel\u00e9s milyen jelent\u0151s\u00e9ggel \u00e9s Versenyz\u0151re n\u00e9zve milyen v\u00e1rhat\u00f3 k\u00f6vetkezm\u00e9nyekkel b\u00edr.<\/li>\r\n<li>A jog gyakorl\u00e1s\u00e1nak c\u00e9lja az adatkezel\u00e9s jogszer\u0171s\u00e9g\u00e9nek meg\u00e1llap\u00edt\u00e1s\u00e1ra \u00e9s ellen\u0151rz\u00e9s\u00e9re ir\u00e1nyulhat, ez\u00e9rt t\u00f6bbsz\u00f6ri t\u00e1j\u00e9koztat\u00e1sk\u00e9r\u00e9s eset\u00e9n m\u00e9lt\u00e1nyos k\u00f6lts\u00e9gt\u00e9r\u00edt\u00e9st jogosult adatkezel\u0151 felsz\u00e1molni a t\u00e1j\u00e9koztat\u00e1s teljes\u00edt\u00e9s\u00e9\u00e9rt cser\u00e9be.<\/li>\r\n<li>A szem\u00e9lyes adatokhoz val\u00f3 hozz\u00e1f\u00e9r\u00e9st \u00fagy biztos\u00edtjuk, hogy a Versenyz\u0151 azonos\u00edt\u00e1s\u00e1t k\u00f6vet\u0151en e-mailben juttatjuk el Versenyz\u0151h\u00f6z a kezelt szem\u00e9lyes adatokat \u00e9s az inform\u00e1ci\u00f3kat.<\/li>\r\n<\/ol>\r\n<p><strong>HELYESB\u00cdT\u00c9SHEZ VAL\u00d3 JOG<\/strong><\/p>\r\n<ol start=\"23\">\r\n<li>Versenyz\u0151 jogosult arra, hogy k\u00e9r\u00e9s\u00e9re k\u00e9sedelem n\u00e9lk\u00fcl helyesb\u00edts\u00fck a Versenyz\u0151re vonatkoz\u00f3 pontatlan szem\u00e9lyes adatokat.<\/li>\r\n<\/ol>\r\n<p><strong>ADATKEZEL\u00c9S KORL\u00c1TOZ\u00c1S\u00c1HOZ VAL\u00d3 JOG<\/strong><\/p>\r\n<ol start=\"24\">\r\n<li>Versenyz\u0151 jogosult arra, hogy k\u00e9r\u00e9s\u00e9re korl\u00e1tozzuk az adatkezel\u00e9st, ha az al\u00e1bbiak valamelyike teljes\u00fcl:<\/li>\r\n<li>Versenyz\u0151 vitatja a szem\u00e9lyes adatok pontoss\u00e1g\u00e1t, ez esetben a korl\u00e1toz\u00e1s arra az id\u0151tartamra vonatkozik, amely lehet\u0151v\u00e9 teszi adatkezel\u0151 sz\u00e1m\u00e1ra az ellen\u0151rz\u00e9s\u00e9t a szem\u00e9lyes adatok pontoss\u00e1g\u00e1nak, ha az ellen\u0151rz\u00e9sre nincs sz\u00fcks\u00e9g, akkor korl\u00e1toz\u00e1st sem ker\u00fcl alkalmaz\u00e1sra;<\/li>\r\n<li>az adatkezel\u00e9s jogellenes, \u00e9s Versenyz\u0151 ellenzi az adatok t\u00f6rl\u00e9s\u00e9t, \u00e9s ehelyett k\u00e9ri azok felhaszn\u00e1l\u00e1s\u00e1nak korl\u00e1toz\u00e1s\u00e1t;<\/li>\r\n<li>m\u00e1r nincs sz\u00fcks\u00e9g\u00fcnk a szem\u00e9lyes adatokra a megjel\u00f6lt adatkezel\u00e9s c\u00e9lj\u00e1b\u00f3l, de Versenyz\u0151 ig\u00e9nyli azokat jogi ig\u00e9nyek el\u0151terjeszt\u00e9s\u00e9hez, \u00e9rv\u00e9nyes\u00edt\u00e9s\u00e9hez vagy v\u00e9delm\u00e9hez; vagy<\/li>\r\n<li>Versenyz\u0151 tiltakozott az adatkezel\u00e9s ellen, de jogos \u00e9rdek\u00fcnk is megalapozhatja az adatkezel\u00e9st, ez esetben am\u00edg meg\u00e1llap\u00edt\u00e1sra nem ker\u00fcl, hogy jogos indokaink els\u0151bbs\u00e9get \u00e9lveznek-e a Versenyz\u0151 jogos indokaival szemben, az adatkezel\u00e9st korl\u00e1tozni kell.<\/li>\r\n<li>Ha az adatkezel\u00e9s korl\u00e1toz\u00e1s al\u00e1 esik, az ilyen szem\u00e9lyes adatokat a t\u00e1rol\u00e1s kiv\u00e9tel\u00e9vel csak a Versenyz\u0151 hozz\u00e1j\u00e1rul\u00e1s\u00e1val, vagy jogi ig\u00e9nyek el\u0151terjeszt\u00e9s\u00e9hez, \u00e9rv\u00e9nyes\u00edt\u00e9s\u00e9hez vagy v\u00e9delm\u00e9hez, vagy m\u00e1s term\u00e9szetes vagy jogi szem\u00e9ly jogainak v\u00e9delme \u00e9rdek\u00e9ben, vagy az Uni\u00f3, illetve valamely tag\u00e1llam fontos k\u00f6z\u00e9rdek\u00e9b\u0151l lehet kezelni.<\/li>\r\n<li>Az adatkezel\u00e9s korl\u00e1toz\u00e1s\u00e1nak felold\u00e1s\u00e1r\u00f3l el\u0151zetesen (legal\u00e1bb a korl\u00e1toz\u00e1s felold\u00e1s\u00e1t megel\u0151z\u0151 3 munkanappal) t\u00e1j\u00e9koztatjuk Versenyz\u0151t.<\/li>\r\n<\/ol>\r\n<p><strong>T\u00d6RL\u00c9SHEZ &#8211; ELFELEDTET\u00c9SHEZ VAL\u00d3 JOG<\/strong><\/p>\r\n<ol start=\"31\">\r\n<li>Versenyz\u0151 jogosult arra, hogy indokolatlan k\u00e9sedelem n\u00e9lk\u00fcl t\u00f6r\u00f6ltesse a Versenyz\u0151re vonatkoz\u00f3 szem\u00e9lyes adatokat, ha az al\u00e1bbi indokok valamelyike fenn\u00e1ll:<\/li>\r\n<li>a szem\u00e9lyes adatokra m\u00e1r nincs sz\u00fcks\u00e9g abb\u00f3l a c\u00e9lb\u00f3l, amelyb\u0151l azokat gy\u0171jt\u00f6tt\u00fck vagy kezelt\u00fck;<\/li>\r\n<li>Versenyz\u0151 visszavonja hozz\u00e1j\u00e1rul\u00e1s\u00e1t \u00e9s az adatkezel\u00e9snek nincs m\u00e1s jogalapja;<\/li>\r\n<li>Versenyz\u0151 tiltakozik a jogos \u00e9rdeken alapul\u00f3 adatkezel\u00e9s ellen, \u00e9s nincs els\u0151bbs\u00e9get \u00e9lvez\u0151 jogszer\u0171 ok (azaz jogos \u00e9rdek) az adatkezel\u00e9sre;<\/li>\r\n<li>d) a szem\u00e9lyes adatokat jogellenesen kezelte adatkezel\u0151 \u00e9s ez a panasz alapj\u00e1n meg\u00e1llap\u00edt\u00e1st nyer<\/li>\r\n<li>e) a szem\u00e9lyes adatokat a r\u00e1nk alkalmazand\u00f3 uni\u00f3s vagy tag\u00e1llami jogban el\u0151\u00edrt jogi k\u00f6telezetts\u00e9g teljes\u00edt\u00e9s\u00e9hez t\u00f6r\u00f6lni kell.<\/li>\r\n<li>A t\u00f6rl\u00e9s nem alkalmazand\u00f3, amennyiben az adatkezel\u00e9s sz\u00fcks\u00e9ges:<\/li>\r\n<\/ol>\r\n<p>&nbsp;<\/p>\r\n<ol>\r\n<li>a v\u00e9lem\u00e9nynyilv\u00e1n\u00edt\u00e1s szabads\u00e1g\u00e1hoz \u00e9s a t\u00e1j\u00e9koz\u00f3d\u00e1shoz val\u00f3 jog gyakorl\u00e1sa c\u00e9lj\u00e1b\u00f3l;<\/li>\r\n<li>a szem\u00e9lyes adatok kezel\u00e9s\u00e9t el\u0151\u00edr\u00f3, a r\u00e1nk alkalmazand\u00f3 uni\u00f3s vagy tag\u00e1llami jog szerinti k\u00f6telezetts\u00e9g teljes\u00edt\u00e9se (ilyen eset a sz\u00e1ml\u00e1z\u00e1s keret\u00e9ben megval\u00f3sul\u00f3 adatkezel\u00e9s, mivel a sz\u00e1mla meg\u0151rz\u00e9s\u00e9t jogszab\u00e1ly \u00edrja el\u0151), illetve k\u00f6z\u00e9rdekb\u0151l vagy az adatkezel\u0151re ruh\u00e1zott k\u00f6zhatalmi jogos\u00edtv\u00e1ny gyakorl\u00e1sa keret\u00e9ben v\u00e9gzett feladat v\u00e9grehajt\u00e1sa c\u00e9lj\u00e1b\u00f3l;<\/li>\r\n<li>jogi ig\u00e9nyek el\u0151terjeszt\u00e9s\u00e9hez, \u00e9rv\u00e9nyes\u00edt\u00e9s\u00e9hez, illetve v\u00e9delm\u00e9hez (pl.: ha Versenyz\u0151 fel\u00e9 k\u00f6vetel\u00e9s\u00fcnk \u00e1ll fenn \u00e9s azt m\u00e9g nem teljes\u00edtette, vagy fogyaszt\u00f3i, adatkezel\u00e9si panasz int\u00e9z\u00e9se van folyamatban).<\/li>\r\n<\/ol>\r\n<p>&nbsp;<\/p>\r\n<p><strong>HORDOZHAT\u00d3S\u00c1GHOZ VAL\u00d3 JOG<\/strong><\/p>\r\n<ol start=\"33\">\r\n<li>Amennyiben az adatkezel\u00e9s szerz\u0151d\u00e9s teljes\u00edt\u00e9s\u00e9hez sz\u00fcks\u00e9ges, vagy az adatkezel\u00e9s a Versenyz\u0151 \u00f6nk\u00e9ntes hozz\u00e1j\u00e1rul\u00e1s\u00e1n alapul, Versenyz\u0151nek joga van arra, hogy k\u00e9rje, hogy a Versenyz\u0151 \u00e1ltal a adatkezel\u0151 r\u00e9sz\u00e9re megadott adatokat g\u00e9pileg \u00e9rtelmezhet\u0151 form\u00e1ban megkapja, amit .xml, .JSON, vagy .csv form\u00e1tumban bocs\u00e1t adatkezel\u0151 a Versenyz\u0151 rendelkez\u00e9s\u00e9re, ha ez technikailag megval\u00f3s\u00edthat\u00f3, akkor k\u00e9rheti, hogy az adatokat ebben a form\u00e1ban m\u00e1s adatkezel\u0151 sz\u00e1m\u00e1ra tov\u00e1bb\u00edtsa adatkezel\u0151.<\/li>\r\n<\/ol>\r\n<p><strong>JOGORVOSLATI LEHET\u0150S\u00c9GEK<\/strong><\/p>\r\n<ol start=\"34\">\r\n<li>Amennyiben Versenyz\u0151 szerint adatkezel\u0151 megs\u00e9rtette valamely, az adatkezel\u00e9sre vonatkoz\u00f3 t\u00f6rv\u00e9nyi rendelkez\u00e9st, vagy nem teljes\u00edtette valamely k\u00e9relm\u00e9t, akkor v\u00e9lelmezett jogellenes adatkezel\u00e9s megsz\u00fcntet\u00e9se \u00e9rdek\u00e9ben a Nemzeti Adatv\u00e9delmi \u00e9s Inform\u00e1ci\u00f3szabads\u00e1g Hat\u00f3s\u00e1g vizsg\u00e1lati elj\u00e1r\u00e1s\u00e1t kezdem\u00e9nyezheti (levelez\u00e9si c\u00edm: 1530 Budapest, Pf.: 5., e-mail: <a href=\"mailto:ugyfelszolgalat@naih.hu\">ugyfelszolgalat@naih.hu<\/a>), tov\u00e1bb\u00e1 polg\u00e1ri pert is ind\u00edthat b\u00edr\u00f3s\u00e1g el\u0151tt.<\/li>\r\n<\/ol>\r\n<p><strong>ADATBIZTONS\u00c1G<\/strong><\/p>\r\n<ol start=\"35\">\r\n<li>Az informatikai rendszerek m\u0171k\u00f6dtet\u00e9se sor\u00e1n a sz\u00fcks\u00e9ges jogosults\u00e1gkezel\u00e9si, bels\u0151 szervez\u00e9si \u00e9s technikai megold\u00e1sok biztos\u00edtja adatkezel\u0151, hogy semmilyen kezelt adat ne ker\u00fclhessen illet\u00e9ktelen szem\u00e9lyek birtok\u00e1ba, illet\u00e9ktelen szem\u00e9lyek az adatokat ne tudj\u00e1k t\u00f6r\u00f6lni, kimenteni a rendszerb\u0151l, vagy m\u00f3dos\u00edtani azokat. Az adatv\u00e9delmi \u00e9s adatbiztons\u00e1gi k\u00f6vetelm\u00e9nyeket \u00e9rv\u00e9nyre juttatja adatfeldolgoz\u00f3 az adatfeldolgoz\u00f3ival szemben is.<\/li>\r\n<li>Az esetleges adatv\u00e9delmi incidensekr\u0151l nyilv\u00e1ntart\u00e1st vezet adatfeldolgoz\u00f3, amennyiben sz\u00fcks\u00e9ges, a felmer\u00fcl\u0151 incidensekr\u0151l t\u00e1j\u00e9koztatja Versenyz\u0151t.<\/li>\r\n<li>Amennyiben azonban a gy\u0171jt\u00f6tt adatokkal kapcsolatban a gy\u0171jt\u00e9s\u00fck c\u00e9lj\u00e1t\u00f3l elt\u00e9r\u0151 c\u00e9lb\u00f3l tov\u00e1bbi adatkezel\u00e9st k\u00edv\u00e1n adatkezel\u0151 v\u00e9gezni a tov\u00e1bbi adatkezel\u00e9st megel\u0151z\u0151en t\u00e1j\u00e9koztatja Versenyz\u0151t az adatkezel\u00e9s c\u00e9lj\u00e1r\u00f3l \u00e9s az al\u00e1bbi inform\u00e1ci\u00f3kr\u00f3l:<\/li>\r\n<li>a szem\u00e9lyes adatok t\u00e1rol\u00e1s\u00e1nak id\u0151tartam\u00e1r\u00f3l, vagy ha ez nem lehets\u00e9ges, akkor az id\u0151tartam meghat\u00e1roz\u00e1s\u00e1nak szempontjair\u00f3l;<\/li>\r\n<li>azon jog\u00e1r\u00f3l, hogy k\u00e9relmezheti a Versenyz\u0151re vonatkoz\u00f3 szem\u00e9lyes adatokhoz val\u00f3 hozz\u00e1f\u00e9r\u00e9st, azok helyesb\u00edt\u00e9s\u00e9t, t\u00f6rl\u00e9s\u00e9t vagy kezel\u00e9s\u00e9nek korl\u00e1toz\u00e1s\u00e1t, \u00e9s jogos \u00e9rdeken alapul\u00f3 adatkezel\u00e9s eset\u00e9n tiltakozhat a szem\u00e9lyes adatok kezel\u00e9se ellen, valamint a hozz\u00e1j\u00e1rul\u00e1son, vagy szerz\u0151d\u00e9ses kapcsolaton alapul\u00f3 adatkezel\u00e9s eset\u00e9n k\u00e9rheti az adathordozhat\u00f3s\u00e1ghoz val\u00f3 jog biztos\u00edt\u00e1s\u00e1t;<\/li>\r\n<li>hozz\u00e1j\u00e1rul\u00e1son alapul\u00f3 adatkezel\u00e9s eset\u00e9n arr\u00f3l, hogy a hozz\u00e1j\u00e1rul\u00e1st Versenyz\u0151 b\u00e1rmikor visszavonhatja,<\/li>\r\n<li>a fel\u00fcgyeleti hat\u00f3s\u00e1ghoz c\u00edmzett panasz beny\u00fajt\u00e1s\u00e1nak jog\u00e1r\u00f3l;<\/li>\r\n<li>arr\u00f3l, hogy a szem\u00e9lyes adat szolg\u00e1ltat\u00e1sa jogszab\u00e1lyon vagy szerz\u0151d\u00e9ses k\u00f6telezetts\u00e9gen alapul vagy szerz\u0151d\u00e9s k\u00f6t\u00e9s\u00e9nek el\u0151felt\u00e9tele-e, valamint, hogy a Versenyz\u0151 k\u00f6teles-e a szem\u00e9lyes adatokat megadni tov\u00e1bb\u00e1, hogy milyen lehets\u00e9ges k\u00f6vetkezm\u00e9nyeikkel j\u00e1rhat az adatszolg\u00e1ltat\u00e1s elmarad\u00e1sa;<\/li>\r\n<li>az automatiz\u00e1lt d\u00f6nt\u00e9shozatal t\u00e9ny\u00e9r\u0151l (ha alkalmazott ilyen elj\u00e1r\u00e1s), ide\u00e9rtve a profilalkot\u00e1st is, valamint legal\u00e1bb ezekben az esetekben az alkalmazott logik\u00e1ra \u00e9s arra vonatkoz\u00f3an \u00e9rthet\u0151 inform\u00e1ci\u00f3kat, hogy az ilyen adatkezel\u00e9s milyen jelent\u0151s\u00e9ggel, \u00e9s Versenyz\u0151re n\u00e9zve milyen v\u00e1rhat\u00f3 k\u00f6vetkezm\u00e9nyekkel b\u00edr.<\/li>\r\n<li>Az adatkezel\u00e9s csak ezt k\u00f6vet\u0151en kezd\u0151dhet\u0151 meg, amennyiben az adatkezel\u00e9s jogalapja hozz\u00e1j\u00e1rul\u00e1s, az adatkezel\u00e9shez a t\u00e1j\u00e9koztat\u00e1son fel\u00fcl Versenyz\u0151nek hozz\u00e1 is kell j\u00e1rulnia.<\/li>\r\n<\/ol>\r\n<h3><\/h3>\r\n<p>[\/vc_column_text][\/vc_column][\/vc_row]<\/p>","protected":false},"excerpt":{"rendered":"<p>[vc_row row_content_width=&#8221;grid&#8221; enable_box_shadow=&#8221;no&#8221;][vc_column][vc_single_image image=&#8221;2989&#8243; img_size=&#8221;large&#8221; alignment=&#8221;center&#8221; onclick=&#8221;custom_link&#8221; link=&#8221;https:\/\/gamerszovetseg.hu\/?page_id=2968&#8243; css=&#8221;.vc_custom_1616657957699{padding-top: 100px !important;}&#8221;][\/vc_column][\/vc_row][vc_row row_content_width=&#8221;grid&#8221; enable_box_shadow=&#8221;no&#8221; css=&#8221;.vc_custom_1616657962378{padding-top: 50px !important;padding-bottom: 100px !important;}&#8221;][vc_column][vc_column_text] ADATKEZEL\u00c9SI T\u00c1J\u00c9KOZTAT\u00d3 A MAGYAR GAMER SZ\u00d6VETS\u00c9G \u00c1LTAL RENDEZETT CALL OF DUTY: WARZONE VERSENYHEZ &nbsp; A Magyar Gamer Sz\u00f6vets\u00e9g \u00e9s a PTE-PEAC \u00e1ltal [&hellip;]<\/p>\n","protected":false},"author":1,"featured_media":0,"parent":0,"menu_order":0,"comment_status":"closed","ping_status":"closed","template":"full-width.php","meta":{"advanced_seo_description":"","jetpack_seo_html_title":"","jetpack_seo_noindex":false,"footnotes":""},"class_list":["post-2983","page","type-page","status-publish","hentry"],"jetpack_sharing_enabled":true,"_links":{"self":[{"href":"https:\/\/gamerszovetseg.hu\/index.php?rest_route=\/wp\/v2\/pages\/2983","targetHints":{"allow":["GET"]}}],"collection":[{"href":"https:\/\/gamerszovetseg.hu\/index.php?rest_route=\/wp\/v2\/pages"}],"about":[{"href":"https:\/\/gamerszovetseg.hu\/index.php?rest_route=\/wp\/v2\/types\/page"}],"author":[{"embeddable":true,"href":"https:\/\/gamerszovetseg.hu\/index.php?rest_route=\/wp\/v2\/users\/1"}],"replies":[{"embeddable":true,"href":"https:\/\/gamerszovetseg.hu\/index.php?rest_route=%2Fwp%2Fv2%2Fcomments&post=2983"}],"version-history":[{"count":7,"href":"https:\/\/gamerszovetseg.hu\/index.php?rest_route=\/wp\/v2\/pages\/2983\/revisions"}],"predecessor-version":[{"id":2993,"href":"https:\/\/gamerszovetseg.hu\/index.php?rest_route=\/wp\/v2\/pages\/2983\/revisions\/2993"}],"wp:attachment":[{"href":"https:\/\/gamerszovetseg.hu\/index.php?rest_route=%2Fwp%2Fv2%2Fmedia&parent=2983"}],"curies":[{"name":"wp","href":"https:\/\/api.w.org\/{rel}","templated":true}]}}