{"id":3012,"date":"2021-03-26T17:46:39","date_gmt":"2021-03-26T17:46:39","guid":{"rendered":"https:\/\/gamerszovetseg.hu\/?page_id=3012"},"modified":"2021-10-12T22:39:25","modified_gmt":"2021-10-12T22:39:25","slug":"league-of-legends-bajnoksag","status":"publish","type":"page","link":"https:\/\/gamerszovetseg.hu\/?page_id=3012","title":{"rendered":"League of Legends Wild Rift"},"content":{"rendered":"<p>[vc_row enable_box_shadow=&#8221;no&#8221;][vc_column]\n\t\t\t<!-- START LOL Bajnoks\u00e1g REVOLUTION SLIDER 6.6.11 --><p class=\"rs-p-wp-fix\"><\/p>\n\t\t\t<rs-module-wrap id=\"rev_slider_14_1_wrapper\" data-source=\"gallery\" style=\"visibility:hidden;background:transparent;padding:0;margin:0px auto;margin-top:0;margin-bottom:0;\">\n\t\t\t\t<rs-module id=\"rev_slider_14_1\" style=\"\" data-version=\"6.6.11\">\n\t\t\t\t\t<rs-slides style=\"overflow: hidden; position: absolute;\">\n\t\t\t\t\t\t<rs-slide style=\"position: absolute;\" data-key=\"rs-20\" data-title=\"Slide\" data-anim=\"adpr:false;\" data-in=\"o:0;\" data-out=\"a:false;\">\n\t\t\t\t\t\t\t<img data-recalc-dims=\"1\" decoding=\"async\" src=\"https:\/\/i0.wp.com\/gamerszovetseg.hu\/wp-content\/plugins\/revslider\/public\/assets\/assets\/dummy.png?resize=1100%2C630\" alt=\"\" title=\"stream_bg_lol2\" width=\"1100\" height=\"630\" class=\"rev-slidebg tp-rs-img rs-lazyload\" data-lazyload=\"\/\/gamerszovetseg.hu\/wp-content\/uploads\/2021\/03\/stream_bg_lol2.png\" data-no-retina>\n<!--\n\t\t\t\t\t\t\t--><rs-layer\n\t\t\t\t\t\t\t\tid=\"slider-14-slide-20-layer-1\" \n\t\t\t\t\t\t\t\tdata-type=\"image\"\n\t\t\t\t\t\t\t\tdata-xy=\"xo:22px,22px,0,-11px;yo:182px,182px,144px,201px;\"\n\t\t\t\t\t\t\t\tdata-text=\"w:normal;\"\n\t\t\t\t\t\t\t\tdata-dim=\"w:487px,487px,487px,287px;h:112px,112px,112px,80px;\"\n\t\t\t\t\t\t\t\tdata-rsp_o=\"off\"\n\t\t\t\t\t\t\t\tdata-rsp_bd=\"off\"\n\t\t\t\t\t\t\t\tdata-frame_999=\"o:0;st:w;\"\n\t\t\t\t\t\t\t\tstyle=\"z-index:10;\"\n\t\t\t\t\t\t\t><img data-recalc-dims=\"1\" decoding=\"async\" src=\"https:\/\/i0.wp.com\/gamerszovetseg.hu\/wp-content\/plugins\/revslider\/public\/assets\/assets\/dummy.png?resize=611%2C141\" alt=\"\" class=\"tp-rs-img rs-lazyload\" width=\"611\" height=\"141\" data-lazyload=\"\/\/gamerszovetseg.hu\/wp-content\/uploads\/2021\/02\/stream_kukac.png\" data-no-retina> \n\t\t\t\t\t\t\t<\/rs-layer><!--\n\n\t\t\t\t\t\t\t--><rs-layer\n\t\t\t\t\t\t\t\tid=\"slider-14-slide-20-layer-2\" \n\t\t\t\t\t\t\t\tdata-type=\"text\"\n\t\t\t\t\t\t\t\tdata-xy=\"xo:30px,30px,0,-7px;yo:309px,309px,208px,250px;\"\n\t\t\t\t\t\t\t\tdata-text=\"w:normal;s:139,139,150,80;l:130,130,120,70;ls:-3,-3,-3,-3px;fw:700;\"\n\t\t\t\t\t\t\t\tdata-dim=\"w:616px,616px,616px,307px;\"\n\t\t\t\t\t\t\t\tdata-rsp_o=\"off\"\n\t\t\t\t\t\t\t\tdata-rsp_bd=\"off\"\n\t\t\t\t\t\t\t\tdata-frame_999=\"o:0;st:w;\"\n\t\t\t\t\t\t\t\tstyle=\"z-index:9;font-family:'Rajdhani';text-transform:uppercase;\"\n\t\t\t\t\t\t\t>LEAGUE OF LEGENDS \n\t\t\t\t\t\t\t<\/rs-layer><!--\n-->\t\t\t\t\t\t<\/rs-slide>\n\t\t\t\t\t<\/rs-slides>\n\t\t\t\t<\/rs-module>\n\t\t\t\t<script>\n\t\t\t\t\tsetREVStartSize({c: 'rev_slider_14_1',rl:[1240,1024,778,480],el:[1104,1104,1188,1197],gw:[1300,1100,600,300],gh:[1104,1104,1188,1197],type:'hero',justify:'',layout:'fullwidth',mh:\"0\"});if (window.RS_MODULES!==undefined && window.RS_MODULES.modules!==undefined && window.RS_MODULES.modules[\"revslider141\"]!==undefined) {window.RS_MODULES.modules[\"revslider141\"].once = false;window.revapi14 = undefined;if (window.RS_MODULES.checkMinimal!==undefined) window.RS_MODULES.checkMinimal()}\n\t\t\t\t<\/script>\n\t\t\t<\/rs-module-wrap>\n\t\t\t<!-- END REVOLUTION SLIDER -->\n[\/vc_column][\/vc_row][vc_row row_content_width=&#8221;grid&#8221; enable_box_shadow=&#8221;no&#8221;][vc_column][vc_single_image image=&#8221;3794&#8243; img_size=&#8221;medium&#8221; alignment=&#8221;center&#8221;][vc_column_text]<\/p>\n<div class=\"wpb_text_column wpb_content_element \">\n<div class=\"wpb_wrapper\">\n<h3 style=\"text-align: center;\">LEAGUE OF LEGENDS WILD RIFT BAJNOKS\u00c1G<\/h3>\n<p>Megrendez\u00e9sre ker\u00fcl az els\u0151 p\u00e9csi League of Legends &#8211; Wild Rift bajnoks\u00e1g a Magyar Gamer Sz\u00f6vets\u00e9g, a P\u00e9csi Gamer Egyes\u00fclet \u00e9s a Bar of Legends esport b\u00e1r P\u00e9cs k\u00f6zrem\u0171k\u00f6d\u00e9svel.<\/p>\n<p><strong>De mi is az a League of Legends?<\/strong>\u00a0K\u00e9t 5 f\u0151s csapat verseng az\u00e9rt, hogy ki tudja hamarabb megh\u00f3d\u00edtani az ellenf\u00e9l b\u00e1zis\u00e1t. H\u00e1rom \u00f6sv\u00e9nyen \u00e9s egy dzsungelben folyik a harc a dominanci\u00e1\u00e9rt. L\u00e9tfontoss\u00e1g\u00fa a csapatj\u00e1t\u00e9k, az \u00f6sszhang \u00e9s a kommunik\u00e1ci\u00f3, a gy\u0151zelem \u00e9rdek\u00e9ben.<\/p>\n<p><strong>Mik a bajnoks\u00e1g szab\u00e1lyai?<\/strong><\/p>\n<ul>\n<li>Egyenes kies\u00e9ses rendszer &#8211; A d\u00f6nt\u0151 kiv\u00e9tel\u00e9vel (BO3), minden meccs BO1<\/li>\n<li>P\u00e1lya, J\u00e1t\u00e9km\u00f3d: Wild Rift, Draft Pick<\/li>\n<\/ul>\n<p>[\/vc_column_text][vc_empty_space height=&#8221;64px&#8221;][\/vc_column][\/vc_row][vc_row row_content_width=&#8221;grid&#8221; enable_box_shadow=&#8221;no&#8221;][vc_column]<div class=\"edgtf-clients-carousel-holder edgtf-cc-hover-switch-images\">\n\t<div class=\"edgtf-cc-inner edgtf-owl-slider\" data-number-of-items=\"5\" data-enable-loop=\"yes\" data-enable-autoplay=\"yes\" data-slider-speed=\"5000\" data-slider-speed-animation=\"600\" data-enable-navigation=\"no\" data-enable-pagination=\"no\">\n\t\t<div class=\"edgtf-cc-item edgtf-item-space edgtf-cci-has-link\">\n\t\t\t<a itemprop=\"url\" class=\"edgtf-cc-link edgtf-block-drag-link\" href=\"https:\/\/gamerszovetseg.hu\" target=\"_blank\">\n\t\t\t\t\t\t<img decoding=\"async\" itemprop=\"image\" class=\"edgtf-cc-image\" src=\"https:\/\/i0.wp.com\/gamerszovetseg.hu\/wp-content\/uploads\/2021\/04\/mgsz_white.png?fit=200%2C95&#038;ssl=1\" alt=\"\" \/>\n\t\t\t\t\t\t\t<img decoding=\"async\" itemprop=\"image\" class=\"edgtf-cc-hover-image\" src=\"https:\/\/i0.wp.com\/gamerszovetseg.hu\/wp-content\/uploads\/2021\/04\/mgsz_hover.png?fit=200%2C95&#038;ssl=1\" alt=\"\" \/>\n\t\t\t\t\t<\/a>\n\t<\/div><div class=\"edgtf-cc-item edgtf-item-space edgtf-cci-has-link\">\n\t\t\t<a itemprop=\"url\" class=\"edgtf-cc-link edgtf-block-drag-link\" href=\"https:\/\/www.facebook.com\/baroflegendspecs\" target=\"_blank\">\n\t\t\t\t\t\t<img decoding=\"async\" itemprop=\"image\" class=\"edgtf-cc-image\" src=\"https:\/\/i0.wp.com\/gamerszovetseg.hu\/wp-content\/uploads\/2021\/10\/bol_white.png?fit=200%2C95&#038;ssl=1\" alt=\"\" \/>\n\t\t\t\t\t\t\t<img decoding=\"async\" itemprop=\"image\" class=\"edgtf-cc-hover-image\" src=\"https:\/\/i0.wp.com\/gamerszovetseg.hu\/wp-content\/uploads\/2021\/10\/bol_hover.png?fit=200%2C95&#038;ssl=1\" alt=\"\" \/>\n\t\t\t\t\t<\/a>\n\t<\/div><div class=\"edgtf-cc-item edgtf-item-space edgtf-cci-has-link\">\n\t\t\t<a itemprop=\"url\" class=\"edgtf-cc-link edgtf-block-drag-link\" href=\"https:\/\/www.facebook.com\/pecsigameregyesulet\" target=\"_blank\">\n\t\t\t\t\t\t<img decoding=\"async\" itemprop=\"image\" class=\"edgtf-cc-image\" src=\"https:\/\/i0.wp.com\/gamerszovetseg.hu\/wp-content\/uploads\/2021\/10\/pge_white.png?fit=200%2C95&#038;ssl=1\" alt=\"\" \/>\n\t\t\t\t\t\t\t<img decoding=\"async\" itemprop=\"image\" class=\"edgtf-cc-hover-image\" src=\"https:\/\/i0.wp.com\/gamerszovetseg.hu\/wp-content\/uploads\/2021\/10\/pge_hover.png?fit=200%2C95&#038;ssl=1\" alt=\"\" \/>\n\t\t\t\t\t<\/a>\n\t<\/div>\t<\/div>\n<\/div>[vc_empty_space height=&#8221;64px&#8221;][vc_column_text]<\/p>\n<div class=\"wpb_text_column wpb_content_element \">\n<div class=\"wpb_wrapper\">\n<h3 style=\"text-align: center;\">MAGYAR GAMER SZ\u00d6VETS\u00c9G<\/h3>\n<h3 style=\"text-align: center;\">LEAGUE OF LEGENDS WILD RIFT VERSENYSZAB\u00c1LYZATA<\/h3>\n<ol>\n<li>\u00a7 A verseny szervez\u0151je \u00e9s fenntart\u00f3i jogok<\/li>\n<\/ol>\n<p>(1) Jelen versenyt a MAGYAR GAMER SZ\u00d6VETS\u00c9G, a P\u00c9CSI GAMER EGYES\u00dcLET \u00e9s a BAR OF LEGENDS ESPORT BAR P\u00c9CS (a tov\u00e1bbiakban egy\u00fctt, mint \u201eSzervez\u0151\u201d) szervezi, mely fenntart minden jogot a versennyel, annak megszervez\u00e9s\u00e9vel \u00e9s megtart\u00e1s\u00e1val kapcsolatban \u2013 bele\u00e9rtve a j\u00e1t\u00e9kosok indul\u00e1s\u00e1nak enged\u00e9lyez\u00e9s\u00e9t, tilt\u00e1s\u00e1t \u00e9s a versenyen val\u00f3 indul\u00e1s jog\u00e1t megszerz\u0151 j\u00e1t\u00e9kosok kiz\u00e1r\u00e1s\u00e1nak jog\u00e1t \u2013 amelyet nem a Riot Games, mint a j\u00e1t\u00e9k kiz\u00e1r\u00f3lagos felhaszn\u00e1l\u00f3i jogainak tulajdonosa jogosult fenntartani.<\/p>\n<p>(2) Minden versenyz\u0151 k\u00f6teles megismerni \u00e9s elsaj\u00e1t\u00edtani a League of Legends saj\u00e1t szab\u00e1lyrendszer\u00e9t. Minden j\u00e1t\u00e9kos maga felel magaviselet\u00e9\u00e9rt \u00e9s a szab\u00e1lyszer\u0171, fair j\u00e1t\u00e9k lebonyol\u00edt\u00e1s\u00e1\u00e9rt, Szervez\u0151 a j\u00e1t\u00e9kosok magaviselet\u00e9\u00e9rt, j\u00e1t\u00e9kbeli tev\u00e9kenys\u00e9g\u00e9\u00e9rt nem felel\u0151s.<\/p>\n<p>(3) Obszc\u00e9n \u00e9s s\u00e9rt\u0151 szavakat, illetve kifejez\u00e9seket a csapatnevek nem tartalmazhatnak.<\/p>\n<ol start=\"2\">\n<li>\u00a7 Nevez\u00e9si d\u00edj, nyerem\u00e9nyek<\/li>\n<\/ol>\n<p>(1) Nevez\u00e9si d\u00edj nincs, a versenyen val\u00f3 r\u00e9szv\u00e9tel ingyenes.<\/p>\n<p>(2) A versenyen nyerhet\u0151 nyerem\u00e9nyek az al\u00e1bbiak<\/p>\n<p>A verseny nyerem\u00e9nyei a k\u00e9s\u0151bbiek sor\u00e1n ker\u00fclnek kihirdet\u00e9sre.<\/p>\n<p>(3) Minden nyerem\u00e9ny P\u00e9cs Megyei Jog\u00fa V\u00e1ros k\u00f6zigazgat\u00e1si belter\u00fclet\u00e9nek hat\u00e1rain bel\u00fcl vehet\u0151 \u00e1t a Szervez\u0151vel egyeztettek szerint legk\u00e9s\u0151bb a verseny k\u00f6vet\u0151 60 napon bel\u00fcl. Amennyiben az adott j\u00e1t\u00e9kos 60 napon bel\u00fcl a nyerem\u00e9ny\u00e9t nem veszi \u00e1t, \u00fagy arra joga megsz\u0171nik \u00e9s nyerem\u00e9nye a Szervez\u0151t illeti.<\/p>\n<ol start=\"3\">\n<li>\u00a7 A verseny szab\u00e1lyai, pontsz\u00e1m\u00edt\u00e1s<\/li>\n<\/ol>\n<p>(1) A csapatokat 5 j\u00e1t\u00e9kos alkotja.<\/p>\n<p>(2) A verseny k\u00f6zvetlen szab\u00e1lyai: EUNE, Draft Pick j\u00e1t\u00e9km\u00f3d a Wild Rift nev\u0171 p\u00e1ly\u00e1n.<\/p>\n<p>(3) F\u00e1zisok:<\/p>\n<ol>\n<li>a) A selejtez\u0151 f\u00e1zis egyenes kies\u00e9sben fog zajlani (BO1).<\/li>\n<li>b) A d\u00f6nt\u0151 f\u00e1zis m\u00e9rk\u0151z\u00e9sei BO3 rendszerben ker\u00fclnek megrendez\u00e9sre.<em>*BO1 (Best out of 1) = egy gy\u0151zelem sz\u00fcks\u00e9ges a tov\u00e1bbjut\u00e1shoz, BO3 (Best out of 3) = 2 gy\u0151zelem kell az els\u0151 helyhez.<\/em><\/li>\n<\/ol>\n<p>(4) A m\u00e9rk\u0151z\u00e9sek eredm\u00e9nyeir\u0151l a csapatkapit\u00e1nyoknak kell screenshotot k\u00fcldeni a szervez\u0151k r\u00e9sz\u00e9re.<\/p>\n<p>(5) A bajnoks\u00e1g m\u00e9rk\u0151z\u00e9sei fizikailag a Bar of Legends Esport Bar P\u00e9cs-ben ker\u00fclnek lebonyol\u00edt\u00e1sra (7621 P\u00e9cs, Lyceum utca 1.)<\/p>\n<p>(6) A versenyen a rankt\u0151l f\u00fcggetlen\u00fcl lehet indulni.<\/p>\n<p>(7) A csapat minden tagj\u00e1nak mag\u00e1nak kell gondoskodnia a megfelel\u0151 eszk\u00f6z\u00f6k megl\u00e9t\u00e9r\u0151l \u00e9s m\u0171k\u00f6d\u0151 internet hozz\u00e1f\u00e9r\u00e9sr\u0151l. Amennyiben egy adott j\u00e1t\u00e9kos internetel\u00e9r\u00e9se m\u00e1s j\u00e1t\u00e9kosok j\u00e1t\u00e9k\u00e9lm\u00e9ny\u00e9t rontja, szervez\u0151k azonnali hat\u00e1llyal kiz\u00e1rhatj\u00e1k.<\/p>\n<ol start=\"4\">\n<li>\u00a7 Egy\u00e9b szab\u00e1lyok<\/li>\n<\/ol>\n<p>(1) J\u00e1t\u00e9kon bel\u00fcli esetleges hib\u00e1k\u00e9rt, szerverle\u00e1ll\u00e1sok\u00e9rt a Szervez\u0151 nem v\u00e1llal felel\u0151ss\u00e9get.<\/p>\n<p>(2)\u00a0 B\u00e1rmif\u00e9le csal\u00e1s haszn\u00e1lata, vagy a Versenyszab\u00e1lyzat megs\u00e9rt\u00e9se, kiz\u00e1r\u00e1st von maga ut\u00e1n. A j\u00e1t\u00e9kosoknak csal\u00f3 jelent\u00e9si k\u00f6telezetts\u00e9ge van. Aki \u00e9szleli, vagy tud r\u00f3la, hogy m\u00e1s csal, amennyiben halad\u00e9ktalanul nem jelzi ezt szervez\u0151k fel\u00e9, maga is azonnali hat\u00e1llyal kiz\u00e1r\u00e1sra ker\u00fcl.<\/p>\n<p>(3) Az eredm\u00e9nyhirdet\u00e9ssel kapcsolatos \u00e9szrev\u00e9telek jelz\u00e9s\u00e9re a verseny v\u00e9g\u00e9t\u0151l sz\u00e1m\u00edtott 1 \u00f3ra \u00e1ll rendelkez\u00e9sre.<\/p>\n<ol start=\"5\">\n<li>5. \u00a7 Regisztr\u00e1ci\u00f3, id\u0151pont<\/li>\n<\/ol>\n<p>(1)\u00a0<a href=\"http:\/\/lol.gamerszovetseg.hu\/\">http:\/\/lol.gamerszovetseg.hu<\/a>\u00a0webc\u00edmen tal\u00e1lhat\u00f3 fel\u00fcletet kit\u00f6ltve lehet a versenyre regisztr\u00e1lni 2021. \u00e1prilis 14-e \u00e9jf\u00e9lig.<\/p>\n<p>(2) A verseny regisztr\u00e1ci\u00f3ja 2021. okt\u00f3ber 14. napj\u00e1n, cs\u00fct\u00f6rt\u00f6k\u00f6n 10:00 perckor kezd\u0151dik \u00e9s befejez\u00e9sig tart.<\/p>\n<p>(3) Eredm\u00e9nyhirdet\u00e9s: legk\u00e9s\u0151bb 2021. okt\u00f3ber 24. napja.<\/p>\n<p>(4) A sorsol\u00e1sr\u00f3l \u00e9s a meccsek lej\u00e1tsz\u00e1s\u00e1nak menet\u00e9r\u0151l a szervez\u0151k legk\u00e9s\u0151bb okt\u00f3ber 23-\u00e1n 14:00-kor nyilatkoznak.<\/p>\n<\/div>\n<\/div>\n<p>[\/vc_column_text][vc_empty_space height=&#8221;64px&#8221;][\/vc_column][\/vc_row][vc_column][vc_row_inner row_content_width=&#8221;grid&#8221; enable_box_shadow=&#8221;no&#8221;][vc_column_inner][vc_column_text]<\/p>\n<h3 style=\"text-align: center;\">REGISZTR\u00c1CI\u00d3<\/h3>\n<p style=\"text-align: center;\"><div class=\"rtec-outer-wrap\" data-rtec-time=\"1777480968\" data-rtec-atts=\"{&quot;event&quot;:3781,&quot;doing_shortcode&quot;:true}\">\n\t\n\t\n\t\n\t\n    <div id=\"rtec\" class=\"rtec rtec-form-4\" data-event=\"3781\">\n\n\t    \n    \n        <p class=\"rtec-success-message tribe-events-notices\">A regisztr\u00e1ci\u00f3t az esem\u00e9nyre lez\u00e1rtuk.<\/p>\n        \n        \t<\/div>\n<\/div>\n<p>[\/vc_column_text][vc_empty_space height=&#8221;64px&#8221;][vc_column_text]<\/p>\n<h3 style=\"text-align: center;\"><a href=\"https:\/\/gamerszovetseg.hu\/?page_id=3072\">A BAJNOKS\u00c1G ADATV\u00c9DELMI T\u00c1J\u00c9KOZTAT\u00d3JA ITT TEKINTHET\u0150 MEG<\/a><\/h3>\n<p>[\/vc_column_text][vc_empty_space height=&#8221;64px&#8221;][\/vc_column_inner][\/vc_row_inner][\/vc_column]<\/p>\n<\/div>\n<\/div>\n","protected":false},"excerpt":{"rendered":"<p>[vc_row enable_box_shadow=&#8221;no&#8221;][vc_column][\/vc_column][\/vc_row][vc_row row_content_width=&#8221;grid&#8221; enable_box_shadow=&#8221;no&#8221;][vc_column][vc_single_image image=&#8221;3794&#8243; img_size=&#8221;medium&#8221; alignment=&#8221;center&#8221;][vc_column_text] LEAGUE OF LEGENDS WILD RIFT BAJNOKS\u00c1G Megrendez\u00e9sre ker\u00fcl az els\u0151 p\u00e9csi League of Legends &#8211; Wild Rift bajnoks\u00e1g a Magyar Gamer Sz\u00f6vets\u00e9g, a P\u00e9csi Gamer Egyes\u00fclet \u00e9s a Bar of Legends esport b\u00e1r [&hellip;]<\/p>\n","protected":false},"author":1,"featured_media":0,"parent":0,"menu_order":0,"comment_status":"closed","ping_status":"closed","template":"full-width.php","meta":{"advanced_seo_description":"","jetpack_seo_html_title":"","jetpack_seo_noindex":false,"footnotes":""},"class_list":["post-3012","page","type-page","status-publish","hentry"],"jetpack_sharing_enabled":true,"_links":{"self":[{"href":"https:\/\/gamerszovetseg.hu\/index.php?rest_route=\/wp\/v2\/pages\/3012","targetHints":{"allow":["GET"]}}],"collection":[{"href":"https:\/\/gamerszovetseg.hu\/index.php?rest_route=\/wp\/v2\/pages"}],"about":[{"href":"https:\/\/gamerszovetseg.hu\/index.php?rest_route=\/wp\/v2\/types\/page"}],"author":[{"embeddable":true,"href":"https:\/\/gamerszovetseg.hu\/index.php?rest_route=\/wp\/v2\/users\/1"}],"replies":[{"embeddable":true,"href":"https:\/\/gamerszovetseg.hu\/index.php?rest_route=%2Fwp%2Fv2%2Fcomments&post=3012"}],"version-history":[{"count":63,"href":"https:\/\/gamerszovetseg.hu\/index.php?rest_route=\/wp\/v2\/pages\/3012\/revisions"}],"predecessor-version":[{"id":3805,"href":"https:\/\/gamerszovetseg.hu\/index.php?rest_route=\/wp\/v2\/pages\/3012\/revisions\/3805"}],"wp:attachment":[{"href":"https:\/\/gamerszovetseg.hu\/index.php?rest_route=%2Fwp%2Fv2%2Fmedia&parent=3012"}],"curies":[{"name":"wp","href":"https:\/\/api.w.org\/{rel}","templated":true}]}}