{"id":970,"date":"2019-11-05T10:51:47","date_gmt":"2019-11-05T10:51:47","guid":{"rendered":"https:\/\/overworld.qodeinteractive.com\/?post_type=product&#038;p=970"},"modified":"2024-06-14T06:18:10","modified_gmt":"2024-06-14T06:18:10","slug":"gamer-shirt","status":"publish","type":"product","link":"https:\/\/gamerszovetseg.hu\/?product=gamer-shirt","title":{"rendered":"#magyargamer fels\u0151"},"content":{"rendered":"<p>A Magyar Gamer Sz\u00f6vets\u00e9g \u00e1ltal hivatalosan kiadott #magyargamer p\u00f3l\u00f3, mely 100%-os pamut kivitelben k\u00e9sz\u00fcl, ez\u00e1ltal t\u00f6k\u00e9letes v\u00e1laszt\u00e1s b\u00e1rmilyen id\u0151t\u00f6lt\u00e9shez.<\/p>\n","protected":false},"excerpt":{"rendered":"<p>A Magyar Gamer Sz\u00f6vets\u00e9g \u00e1ltal hivatalosan kiadott #magyargamer p\u00f3l\u00f3, mely 100%-os pamut kivitelben k\u00e9sz\u00fcl, ez\u00e1ltal t\u00f6k\u00e9letes v\u00e1laszt\u00e1s b\u00e1rmilyen id\u0151t\u00f6lt\u00e9shez.<\/p>\n","protected":false},"featured_media":2756,"comment_status":"open","ping_status":"closed","template":"","meta":{"advanced_seo_description":"","jetpack_seo_html_title":"","jetpack_seo_noindex":false},"product_brand":[],"product_cat":[56],"product_tag":[94,95],"class_list":{"0":"post-970","1":"product","2":"type-product","3":"status-publish","4":"has-post-thumbnail","6":"product_cat-merchandise","7":"product_tag-magyargamer","8":"product_tag-mgsz","10":"first","11":"instock","12":"taxable","13":"shipping-taxable","14":"purchasable","15":"product-type-simple"},"jetpack_sharing_enabled":true,"_links":{"self":[{"href":"https:\/\/gamerszovetseg.hu\/index.php?rest_route=\/wp\/v2\/product\/970","targetHints":{"allow":["GET"]}}],"collection":[{"href":"https:\/\/gamerszovetseg.hu\/index.php?rest_route=\/wp\/v2\/product"}],"about":[{"href":"https:\/\/gamerszovetseg.hu\/index.php?rest_route=\/wp\/v2\/types\/product"}],"replies":[{"embeddable":true,"href":"https:\/\/gamerszovetseg.hu\/index.php?rest_route=%2Fwp%2Fv2%2Fcomments&post=970"}],"wp:featuredmedia":[{"embeddable":true,"href":"https:\/\/gamerszovetseg.hu\/index.php?rest_route=\/wp\/v2\/media\/2756"}],"wp:attachment":[{"href":"https:\/\/gamerszovetseg.hu\/index.php?rest_route=%2Fwp%2Fv2%2Fmedia&parent=970"}],"wp:term":[{"taxonomy":"product_brand","embeddable":true,"href":"https:\/\/gamerszovetseg.hu\/index.php?rest_route=%2Fwp%2Fv2%2Fproduct_brand&post=970"},{"taxonomy":"product_cat","embeddable":true,"href":"https:\/\/gamerszovetseg.hu\/index.php?rest_route=%2Fwp%2Fv2%2Fproduct_cat&post=970"},{"taxonomy":"product_tag","embeddable":true,"href":"https:\/\/gamerszovetseg.hu\/index.php?rest_route=%2Fwp%2Fv2%2Fproduct_tag&post=970"}],"curies":[{"name":"wp","href":"https:\/\/api.w.org\/{rel}","templated":true}]}}