{"id":973,"date":"2019-11-05T10:52:54","date_gmt":"2019-11-05T10:52:54","guid":{"rendered":"https:\/\/overworld.qodeinteractive.com\/?post_type=product&#038;p=973"},"modified":"2024-05-22T21:35:28","modified_gmt":"2024-05-22T21:35:28","slug":"purples","status":"publish","type":"product","link":"https:\/\/gamerszovetseg.hu\/?product=purples","title":{"rendered":"#magyargamer telefontok"},"content":{"rendered":"<p>A Magyar Gamer Sz\u00f6vets\u00e9g \u00e1ltal hivatalosan kiadott #magyargamer telefontok iPhone XS\/XS max\/11\/11 max \u00e9s 12 modellekhez.<\/p>\n","protected":false},"excerpt":{"rendered":"<p>A Magyar Gamer Sz\u00f6vets\u00e9g \u00e1ltal hivatalosan kiadott #magyargamer telefontok iPhone XS\/XS max\/11\/11 max \u00e9s 12 modellekhez.<\/p>\n","protected":false},"featured_media":2760,"comment_status":"open","ping_status":"closed","template":"","meta":{"advanced_seo_description":"","jetpack_seo_html_title":"","jetpack_seo_noindex":false},"product_brand":[],"product_cat":[56],"product_tag":[94,95],"class_list":{"0":"post-973","1":"product","2":"type-product","3":"status-publish","4":"has-post-thumbnail","6":"product_cat-merchandise","7":"product_tag-magyargamer","8":"product_tag-mgsz","10":"first","11":"instock","12":"taxable","13":"shipping-taxable","14":"purchasable","15":"product-type-simple"},"jetpack_sharing_enabled":true,"_links":{"self":[{"href":"https:\/\/gamerszovetseg.hu\/index.php?rest_route=\/wp\/v2\/product\/973","targetHints":{"allow":["GET"]}}],"collection":[{"href":"https:\/\/gamerszovetseg.hu\/index.php?rest_route=\/wp\/v2\/product"}],"about":[{"href":"https:\/\/gamerszovetseg.hu\/index.php?rest_route=\/wp\/v2\/types\/product"}],"replies":[{"embeddable":true,"href":"https:\/\/gamerszovetseg.hu\/index.php?rest_route=%2Fwp%2Fv2%2Fcomments&post=973"}],"wp:featuredmedia":[{"embeddable":true,"href":"https:\/\/gamerszovetseg.hu\/index.php?rest_route=\/wp\/v2\/media\/2760"}],"wp:attachment":[{"href":"https:\/\/gamerszovetseg.hu\/index.php?rest_route=%2Fwp%2Fv2%2Fmedia&parent=973"}],"wp:term":[{"taxonomy":"product_brand","embeddable":true,"href":"https:\/\/gamerszovetseg.hu\/index.php?rest_route=%2Fwp%2Fv2%2Fproduct_brand&post=973"},{"taxonomy":"product_cat","embeddable":true,"href":"https:\/\/gamerszovetseg.hu\/index.php?rest_route=%2Fwp%2Fv2%2Fproduct_cat&post=973"},{"taxonomy":"product_tag","embeddable":true,"href":"https:\/\/gamerszovetseg.hu\/index.php?rest_route=%2Fwp%2Fv2%2Fproduct_tag&post=973"}],"curies":[{"name":"wp","href":"https:\/\/api.w.org\/{rel}","templated":true}]}}